{"id":142848,"date":"2025-12-14T01:48:18","date_gmt":"2025-12-13T22:48:18","guid":{"rendered":"https:\/\/baldumarket.lt\/?post_type=product&#038;p=142848"},"modified":"2026-02-03T23:37:03","modified_gmt":"2026-02-03T20:37:03","slug":"lawa-maja-wysokosc-58cm","status":"publish","type":"product","link":"https:\/\/baldumarket.lt\/lt\/product\/lawa-maja-wysokosc-58cm\/","title":{"rendered":"MAJA suolas, auk\u0161tis 58 cm"},"content":{"rendered":"<p>Paprastas ir nesenstantis \u201eMaja\u201c kavos staliuko dizainas daugel\u012f met\u0173 puikiai papildys bet kok\u012f interjer\u0105 ir u\u017etikrins patog\u0173 naudojim\u0105. Su lietimu atidaromais stal\u010diais jis suteikia papildomos vietos \u012fvairiems daiktams laikyti. Specifikacijos: \u2013 Nat\u016bralaus \u0105\u017euolo fanera * baldai, pagaminti pagal u\u017esakym\u0105 \u2013 u\u017esakymo gamybos laikas: 3\u20136 savait\u0117s<\/p>","protected":false},"excerpt":{"rendered":"<p>Paprastas ir nesenstantis \u201eMaja\u201c kavos staliuko dizainas daugel\u012f met\u0173 puikiai papildys bet kok\u012f interjer\u0105 ir u\u017etikrins patog\u0173 naudojim\u0105. Su lietimu atidaromais stal\u010diais jis suteikia papildomos vietos \u012fvairiems daiktams laikyti. Specifikacijos: \u2013 Nat\u016bralaus \u0105\u017euolo fanera * baldai, pagaminti pagal u\u017esakym\u0105 \u2013 u\u017esakymo gamybos laikas: 3\u20136 savait\u0117s<\/p>","protected":false},"featured_media":142896,"comment_status":"open","ping_status":"closed","template":"","meta":[],"product_brand":[],"product_cat":[9382,866,3450],"product_tag":[],"class_list":{"0":"post-142848","1":"product","2":"type-product","3":"status-publish","4":"has-post-thumbnail","6":"product_cat-coffee-tables-pyka","7":"product_cat-coffee-tables","8":"product_cat-meble-pyka","10":"first","11":"instock","12":"shipping-taxable","13":"purchasable","14":"product-type-variable","15":"wvs-archive-product-wrapper"},"_links":{"self":[{"href":"https:\/\/baldumarket.lt\/lt\/wp-json\/wp\/v2\/product\/142848","targetHints":{"allow":["GET"]}}],"collection":[{"href":"https:\/\/baldumarket.lt\/lt\/wp-json\/wp\/v2\/product"}],"about":[{"href":"https:\/\/baldumarket.lt\/lt\/wp-json\/wp\/v2\/types\/product"}],"replies":[{"embeddable":true,"href":"https:\/\/baldumarket.lt\/lt\/wp-json\/wp\/v2\/comments?post=142848"}],"wp:featuredmedia":[{"embeddable":true,"href":"https:\/\/baldumarket.lt\/lt\/wp-json\/wp\/v2\/media\/142896"}],"wp:attachment":[{"href":"https:\/\/baldumarket.lt\/lt\/wp-json\/wp\/v2\/media?parent=142848"}],"wp:term":[{"taxonomy":"product_brand","embeddable":true,"href":"https:\/\/baldumarket.lt\/lt\/wp-json\/wp\/v2\/product_brand?post=142848"},{"taxonomy":"product_cat","embeddable":true,"href":"https:\/\/baldumarket.lt\/lt\/wp-json\/wp\/v2\/product_cat?post=142848"},{"taxonomy":"product_tag","embeddable":true,"href":"https:\/\/baldumarket.lt\/lt\/wp-json\/wp\/v2\/product_tag?post=142848"}],"curies":[{"name":"wp","href":"https:\/\/api.w.org\/{rel}","templated":true}]}}