{"id":142838,"date":"2025-12-14T01:48:14","date_gmt":"2025-12-13T22:48:14","guid":{"rendered":"https:\/\/baldumarket.lt\/?post_type=product&#038;p=142838"},"modified":"2026-04-08T15:58:43","modified_gmt":"2026-04-08T12:58:43","slug":"lawa-cezar-duza","status":"publish","type":"product","link":"https:\/\/baldumarket.lt\/lt\/product\/lawa-cezar-duza\/","title":{"rendered":"DIDELIS CEZAR suolas"},"content":{"rendered":"<p>Didelis \u201eCezar\u201c kavos staliukas puikiai der\u0117s prie bet kokio stilingo interjero, sukurdamas unikali\u0105 atmosfer\u0105. Kavos staliuko kokyb\u0117 u\u017etikrina patog\u0173 naudojim\u0105 daugel\u012f met\u0173. Specifikacijos: \u2013 Nat\u016bralus \u0105\u017euolo fanera * baldai gaminami pagal u\u017esakym\u0105 \u2013 u\u017esakymo atlikimo laikas: 3\u20136 savait\u0117s<\/p>","protected":false},"excerpt":{"rendered":"<p>Didelis \u201eCezar\u201c kavos staliukas puikiai der\u0117s prie bet kokio stilingo interjero, sukurdamas unikali\u0105 atmosfer\u0105. Kavos staliuko kokyb\u0117 u\u017etikrina patog\u0173 naudojim\u0105 daugel\u012f met\u0173. Specifikacijos: \u2013 Nat\u016bralus \u0105\u017euolo fanera * baldai gaminami pagal u\u017esakym\u0105 \u2013 u\u017esakymo atlikimo laikas: 3\u20136 savait\u0117s<\/p>","protected":false},"featured_media":142874,"comment_status":"open","ping_status":"closed","template":"","meta":[],"product_brand":[],"product_cat":[9382,866,3450],"product_tag":[],"class_list":{"0":"post-142838","1":"product","2":"type-product","3":"status-publish","4":"has-post-thumbnail","6":"product_cat-coffee-tables-pyka","7":"product_cat-coffee-tables","8":"product_cat-meble-pyka","10":"first","11":"instock","12":"shipping-taxable","13":"purchasable","14":"product-type-variable","15":"wvs-archive-product-wrapper"},"_links":{"self":[{"href":"https:\/\/baldumarket.lt\/lt\/wp-json\/wp\/v2\/product\/142838","targetHints":{"allow":["GET"]}}],"collection":[{"href":"https:\/\/baldumarket.lt\/lt\/wp-json\/wp\/v2\/product"}],"about":[{"href":"https:\/\/baldumarket.lt\/lt\/wp-json\/wp\/v2\/types\/product"}],"replies":[{"embeddable":true,"href":"https:\/\/baldumarket.lt\/lt\/wp-json\/wp\/v2\/comments?post=142838"}],"wp:featuredmedia":[{"embeddable":true,"href":"https:\/\/baldumarket.lt\/lt\/wp-json\/wp\/v2\/media\/142874"}],"wp:attachment":[{"href":"https:\/\/baldumarket.lt\/lt\/wp-json\/wp\/v2\/media?parent=142838"}],"wp:term":[{"taxonomy":"product_brand","embeddable":true,"href":"https:\/\/baldumarket.lt\/lt\/wp-json\/wp\/v2\/product_brand?post=142838"},{"taxonomy":"product_cat","embeddable":true,"href":"https:\/\/baldumarket.lt\/lt\/wp-json\/wp\/v2\/product_cat?post=142838"},{"taxonomy":"product_tag","embeddable":true,"href":"https:\/\/baldumarket.lt\/lt\/wp-json\/wp\/v2\/product_tag?post=142838"}],"curies":[{"name":"wp","href":"https:\/\/api.w.org\/{rel}","templated":true}]}}