{"id":142743,"date":"2025-12-14T01:45:46","date_gmt":"2025-12-13T22:45:46","guid":{"rendered":"https:\/\/baldumarket.lt\/?post_type=product&#038;p=142743"},"modified":"2026-02-03T23:37:07","modified_gmt":"2026-02-03T20:37:07","slug":"krzeslo-owalne-ze-szczebelkami-tkanina","status":"publish","type":"product","link":"https:\/\/baldumarket.lt\/lt\/product\/krzeslo-owalne-ze-szczebelkami-tkanina\/","title":{"rendered":"OVALI K\u0116D\u0116 SU KILIM\u0116LIAIS, AUDINIS"},"content":{"rendered":"<p>* baldai gaminami pagal individual\u0173 u\u017esakym\u0105 \u2013 u\u017esakymo \u012fvykdymo laikas nuo 4 iki 6 savai\u010di\u0173<\/p>","protected":false},"excerpt":{"rendered":"<p>* baldai gaminami pagal individual\u0173 u\u017esakym\u0105 \u2013 u\u017esakymo \u012fvykdymo laikas nuo 4 iki 6 savai\u010di\u0173<\/p>","protected":false},"featured_media":142765,"comment_status":"open","ping_status":"closed","template":"","meta":[],"product_brand":[],"product_cat":[9381,1930,3450],"product_tag":[],"class_list":{"0":"post-142743","1":"product","2":"type-product","3":"status-publish","4":"has-post-thumbnail","6":"product_cat-chairs-pyka","7":"product_cat-chairs","8":"product_cat-meble-pyka","10":"first","11":"instock","12":"shipping-taxable","13":"purchasable","14":"product-type-variable","15":"wvs-archive-product-wrapper"},"_links":{"self":[{"href":"https:\/\/baldumarket.lt\/lt\/wp-json\/wp\/v2\/product\/142743","targetHints":{"allow":["GET"]}}],"collection":[{"href":"https:\/\/baldumarket.lt\/lt\/wp-json\/wp\/v2\/product"}],"about":[{"href":"https:\/\/baldumarket.lt\/lt\/wp-json\/wp\/v2\/types\/product"}],"replies":[{"embeddable":true,"href":"https:\/\/baldumarket.lt\/lt\/wp-json\/wp\/v2\/comments?post=142743"}],"wp:featuredmedia":[{"embeddable":true,"href":"https:\/\/baldumarket.lt\/lt\/wp-json\/wp\/v2\/media\/142765"}],"wp:attachment":[{"href":"https:\/\/baldumarket.lt\/lt\/wp-json\/wp\/v2\/media?parent=142743"}],"wp:term":[{"taxonomy":"product_brand","embeddable":true,"href":"https:\/\/baldumarket.lt\/lt\/wp-json\/wp\/v2\/product_brand?post=142743"},{"taxonomy":"product_cat","embeddable":true,"href":"https:\/\/baldumarket.lt\/lt\/wp-json\/wp\/v2\/product_cat?post=142743"},{"taxonomy":"product_tag","embeddable":true,"href":"https:\/\/baldumarket.lt\/lt\/wp-json\/wp\/v2\/product_tag?post=142743"}],"curies":[{"name":"wp","href":"https:\/\/api.w.org\/{rel}","templated":true}]}}