{"id":142735,"date":"2025-12-14T01:45:43","date_gmt":"2025-12-13T22:45:43","guid":{"rendered":"https:\/\/baldumarket.lt\/?post_type=product&#038;p=142735"},"modified":"2026-02-03T23:37:07","modified_gmt":"2026-02-03T20:37:07","slug":"krzeslo-omar-tkanina","status":"publish","type":"product","link":"https:\/\/baldumarket.lt\/lt\/product\/krzeslo-omar-tkanina\/","title":{"rendered":"OMAR garso k\u0117d\u0117"},"content":{"rendered":"<p>* baldai gaminami pagal individual\u0173 u\u017esakym\u0105 \u2013 u\u017esakymo \u012fvykdymo laikas nuo 4 iki 6 savai\u010di\u0173<\/p>","protected":false},"excerpt":{"rendered":"<p>* baldai gaminami pagal individual\u0173 u\u017esakym\u0105 \u2013 u\u017esakymo \u012fvykdymo laikas nuo 4 iki 6 savai\u010di\u0173<\/p>","protected":false},"featured_media":142763,"comment_status":"open","ping_status":"closed","template":"","meta":[],"product_brand":[],"product_cat":[9381,1930,3450],"product_tag":[],"class_list":{"0":"post-142735","1":"product","2":"type-product","3":"status-publish","4":"has-post-thumbnail","6":"product_cat-chairs-pyka","7":"product_cat-chairs","8":"product_cat-meble-pyka","10":"first","11":"instock","12":"shipping-taxable","13":"purchasable","14":"product-type-variable","15":"wvs-archive-product-wrapper"},"_links":{"self":[{"href":"https:\/\/baldumarket.lt\/lt\/wp-json\/wp\/v2\/product\/142735","targetHints":{"allow":["GET"]}}],"collection":[{"href":"https:\/\/baldumarket.lt\/lt\/wp-json\/wp\/v2\/product"}],"about":[{"href":"https:\/\/baldumarket.lt\/lt\/wp-json\/wp\/v2\/types\/product"}],"replies":[{"embeddable":true,"href":"https:\/\/baldumarket.lt\/lt\/wp-json\/wp\/v2\/comments?post=142735"}],"wp:featuredmedia":[{"embeddable":true,"href":"https:\/\/baldumarket.lt\/lt\/wp-json\/wp\/v2\/media\/142763"}],"wp:attachment":[{"href":"https:\/\/baldumarket.lt\/lt\/wp-json\/wp\/v2\/media?parent=142735"}],"wp:term":[{"taxonomy":"product_brand","embeddable":true,"href":"https:\/\/baldumarket.lt\/lt\/wp-json\/wp\/v2\/product_brand?post=142735"},{"taxonomy":"product_cat","embeddable":true,"href":"https:\/\/baldumarket.lt\/lt\/wp-json\/wp\/v2\/product_cat?post=142735"},{"taxonomy":"product_tag","embeddable":true,"href":"https:\/\/baldumarket.lt\/lt\/wp-json\/wp\/v2\/product_tag?post=142735"}],"curies":[{"name":"wp","href":"https:\/\/api.w.org\/{rel}","templated":true}]}}