{"id":142701,"date":"2025-12-14T01:44:42","date_gmt":"2025-12-13T22:44:42","guid":{"rendered":"https:\/\/baldumarket.lt\/?post_type=product&#038;p=142701"},"modified":"2026-02-03T23:37:09","modified_gmt":"2026-02-03T20:37:09","slug":"krzeslo-lux-skora","status":"publish","type":"product","link":"https:\/\/baldumarket.lt\/lt\/product\/krzeslo-lux-skora\/","title":{"rendered":"LUX odin\u0117 k\u0117d\u0117"},"content":{"rendered":"<p>\u201eLux\u201c kr\u0117slas \u2013 unikalus modelis tiems, kurie vertina modern\u0173 interjer\u0105. Dekoratyvinis dygsniavimas atlo\u0161e pabr\u0117\u017eia eleganti\u0161k\u0105 kr\u0117slo charakter\u012f. Specifikacijos: \u2013 Labai elastingas putplastis, \u2013 Medin\u0117s kojel\u0117s. * Baldai gaminami pagal u\u017esakym\u0105 \u2013 u\u017esakymo gamybos laikas: 3\u20136 savait\u0117s<\/p>","protected":false},"excerpt":{"rendered":"<p>\u201eLux\u201c k\u0117d\u0117 \u2013 unikalus modelis tiems, kurie vertina modern\u0173 interjer\u0105. Dekoratyvinis dygsniavimas atlo\u0161e pabr\u0117\u017eia eleganti\u0161k\u0105 k\u0117d\u0117s charakter\u012f. Specifikacijos: \u2013 Labai elastingas putplastis, \u2013 Medin\u0117s kojel\u0117s. * Baldai gaminami pagal u\u017esakym\u0105 \u2013 u\u017esakymo gamybos laikas: 3\u20136 savait\u0117s<\/p>","protected":false},"featured_media":142726,"comment_status":"open","ping_status":"closed","template":"","meta":[],"product_brand":[],"product_cat":[9381,1930,3450],"product_tag":[],"class_list":{"0":"post-142701","1":"product","2":"type-product","3":"status-publish","4":"has-post-thumbnail","6":"product_cat-chairs-pyka","7":"product_cat-chairs","8":"product_cat-meble-pyka","10":"first","11":"instock","12":"shipping-taxable","13":"purchasable","14":"product-type-variable","15":"wvs-archive-product-wrapper"},"_links":{"self":[{"href":"https:\/\/baldumarket.lt\/lt\/wp-json\/wp\/v2\/product\/142701","targetHints":{"allow":["GET"]}}],"collection":[{"href":"https:\/\/baldumarket.lt\/lt\/wp-json\/wp\/v2\/product"}],"about":[{"href":"https:\/\/baldumarket.lt\/lt\/wp-json\/wp\/v2\/types\/product"}],"replies":[{"embeddable":true,"href":"https:\/\/baldumarket.lt\/lt\/wp-json\/wp\/v2\/comments?post=142701"}],"wp:featuredmedia":[{"embeddable":true,"href":"https:\/\/baldumarket.lt\/lt\/wp-json\/wp\/v2\/media\/142726"}],"wp:attachment":[{"href":"https:\/\/baldumarket.lt\/lt\/wp-json\/wp\/v2\/media?parent=142701"}],"wp:term":[{"taxonomy":"product_brand","embeddable":true,"href":"https:\/\/baldumarket.lt\/lt\/wp-json\/wp\/v2\/product_brand?post=142701"},{"taxonomy":"product_cat","embeddable":true,"href":"https:\/\/baldumarket.lt\/lt\/wp-json\/wp\/v2\/product_cat?post=142701"},{"taxonomy":"product_tag","embeddable":true,"href":"https:\/\/baldumarket.lt\/lt\/wp-json\/wp\/v2\/product_tag?post=142701"}],"curies":[{"name":"wp","href":"https:\/\/api.w.org\/{rel}","templated":true}]}}