{"id":142695,"date":"2025-12-14T01:44:40","date_gmt":"2025-12-13T22:44:40","guid":{"rendered":"https:\/\/baldumarket.lt\/?post_type=product&#038;p=142695"},"modified":"2026-04-08T15:58:43","modified_gmt":"2026-04-08T12:58:43","slug":"krzeslo-ludwig-tkanina","status":"publish","type":"product","link":"https:\/\/baldumarket.lt\/lt\/product\/krzeslo-ludwig-tkanina\/","title":{"rendered":"LUDWIG audio k\u0117d\u0117"},"content":{"rendered":"<p>* baldai gaminami pagal individual\u0173 u\u017esakym\u0105 \u2013 u\u017esakymo \u012fvykdymo laikas nuo 4 iki 6 savai\u010di\u0173<\/p>","protected":false},"excerpt":{"rendered":"<p>* baldai gaminami pagal individual\u0173 u\u017esakym\u0105 \u2013 u\u017esakymo \u012fvykdymo laikas nuo 4 iki 6 savai\u010di\u0173<\/p>","protected":false},"featured_media":142724,"comment_status":"open","ping_status":"closed","template":"","meta":[],"product_brand":[],"product_cat":[9381,9373,1930,3450],"product_tag":[],"class_list":{"0":"post-142695","1":"product","2":"type-product","3":"status-publish","4":"has-post-thumbnail","6":"product_cat-chairs-pyka","7":"product_cat-ludwig-pyka-upholstered-furniture","8":"product_cat-chairs","9":"product_cat-meble-pyka","11":"first","12":"instock","13":"shipping-taxable","14":"purchasable","15":"product-type-variable","16":"wvs-archive-product-wrapper"},"_links":{"self":[{"href":"https:\/\/baldumarket.lt\/lt\/wp-json\/wp\/v2\/product\/142695","targetHints":{"allow":["GET"]}}],"collection":[{"href":"https:\/\/baldumarket.lt\/lt\/wp-json\/wp\/v2\/product"}],"about":[{"href":"https:\/\/baldumarket.lt\/lt\/wp-json\/wp\/v2\/types\/product"}],"replies":[{"embeddable":true,"href":"https:\/\/baldumarket.lt\/lt\/wp-json\/wp\/v2\/comments?post=142695"}],"wp:featuredmedia":[{"embeddable":true,"href":"https:\/\/baldumarket.lt\/lt\/wp-json\/wp\/v2\/media\/142724"}],"wp:attachment":[{"href":"https:\/\/baldumarket.lt\/lt\/wp-json\/wp\/v2\/media?parent=142695"}],"wp:term":[{"taxonomy":"product_brand","embeddable":true,"href":"https:\/\/baldumarket.lt\/lt\/wp-json\/wp\/v2\/product_brand?post=142695"},{"taxonomy":"product_cat","embeddable":true,"href":"https:\/\/baldumarket.lt\/lt\/wp-json\/wp\/v2\/product_cat?post=142695"},{"taxonomy":"product_tag","embeddable":true,"href":"https:\/\/baldumarket.lt\/lt\/wp-json\/wp\/v2\/product_tag?post=142695"}],"curies":[{"name":"wp","href":"https:\/\/api.w.org\/{rel}","templated":true}]}}