{"id":142669,"date":"2025-12-14T01:44:06","date_gmt":"2025-12-13T22:44:06","guid":{"rendered":"https:\/\/baldumarket.lt\/?post_type=product&#038;p=142669"},"modified":"2026-02-03T23:37:11","modified_gmt":"2026-02-03T20:37:11","slug":"krzeslo-grande-pik-skora","status":"publish","type":"product","link":"https:\/\/baldumarket.lt\/lt\/product\/krzeslo-grande-pik-skora\/","title":{"rendered":"GRANDE PIK odin\u0117 k\u0117d\u0117"},"content":{"rendered":"<p>Apmu\u0161tas \u201eGrande Pik\u201c kr\u0117slas pasi\u017eymi dekoratyvin\u0117mis si\u016bl\u0117mis atlo\u0161o vidin\u0117je pus\u0117je. Unikalus dizainas suteiks \u017eavesio bet kokiam kambariui. Specifikacijos: \u2013 Didelio elastingumo putplastis, \u2013 Dekoratyvin\u0117s si\u016bl\u0117s ant atlo\u0161o ir s\u0117dyn\u0117s, \u2013 Medin\u0117s kojel\u0117s. * Bald\u0173 gamyba pagal u\u017esakym\u0105 \u2013 gamybos laikas: 3\u20135 savait\u0117s<\/p>","protected":false},"excerpt":{"rendered":"<p>Apmu\u0161tas \u201eGrande Pik\u201c kr\u0117slas pasi\u017eymi dekoratyvin\u0117mis si\u016bl\u0117mis atlo\u0161o vidin\u0117je pus\u0117je. Unikalus dizainas suteiks \u017eavesio bet kokiam kambariui. Specifikacijos: \u2013 Didelio elastingumo putplastis, \u2013 Dekoratyvin\u0117s si\u016bl\u0117s ant atlo\u0161o ir s\u0117dyn\u0117s, \u2013 Medin\u0117s kojel\u0117s. * Bald\u0173 gamyba pagal u\u017esakym\u0105 \u2013 gamybos laikas: 3\u20135 savait\u0117s<\/p>","protected":false},"featured_media":142687,"comment_status":"open","ping_status":"closed","template":"","meta":[],"product_brand":[],"product_cat":[9381,1930,3450],"product_tag":[],"class_list":{"0":"post-142669","1":"product","2":"type-product","3":"status-publish","4":"has-post-thumbnail","6":"product_cat-chairs-pyka","7":"product_cat-chairs","8":"product_cat-meble-pyka","10":"first","11":"instock","12":"shipping-taxable","13":"purchasable","14":"product-type-variable","15":"wvs-archive-product-wrapper"},"_links":{"self":[{"href":"https:\/\/baldumarket.lt\/lt\/wp-json\/wp\/v2\/product\/142669","targetHints":{"allow":["GET"]}}],"collection":[{"href":"https:\/\/baldumarket.lt\/lt\/wp-json\/wp\/v2\/product"}],"about":[{"href":"https:\/\/baldumarket.lt\/lt\/wp-json\/wp\/v2\/types\/product"}],"replies":[{"embeddable":true,"href":"https:\/\/baldumarket.lt\/lt\/wp-json\/wp\/v2\/comments?post=142669"}],"wp:featuredmedia":[{"embeddable":true,"href":"https:\/\/baldumarket.lt\/lt\/wp-json\/wp\/v2\/media\/142687"}],"wp:attachment":[{"href":"https:\/\/baldumarket.lt\/lt\/wp-json\/wp\/v2\/media?parent=142669"}],"wp:term":[{"taxonomy":"product_brand","embeddable":true,"href":"https:\/\/baldumarket.lt\/lt\/wp-json\/wp\/v2\/product_brand?post=142669"},{"taxonomy":"product_cat","embeddable":true,"href":"https:\/\/baldumarket.lt\/lt\/wp-json\/wp\/v2\/product_cat?post=142669"},{"taxonomy":"product_tag","embeddable":true,"href":"https:\/\/baldumarket.lt\/lt\/wp-json\/wp\/v2\/product_tag?post=142669"}],"curies":[{"name":"wp","href":"https:\/\/api.w.org\/{rel}","templated":true}]}}