{"id":142624,"date":"2025-12-14T01:42:47","date_gmt":"2025-12-13T22:42:47","guid":{"rendered":"https:\/\/baldumarket.lt\/?post_type=product&#038;p=142624"},"modified":"2026-02-03T23:37:13","modified_gmt":"2026-02-03T20:37:13","slug":"krzeslo-capri-tkanina","status":"publish","type":"product","link":"https:\/\/baldumarket.lt\/lt\/product\/krzeslo-capri-tkanina\/","title":{"rendered":"CAPRI audinio k\u0117d\u0117"},"content":{"rendered":"<p>Klasikin\u0117 medin\u0117 \u201eCapri\u201c k\u0117d\u0117 su mink\u0161ta apmu\u0161ta s\u0117dyne. Paprasta forma ir klasikin\u0117 i\u0161vaizda puikiai tiks \u012fvairiuose interjeruose. Specifikacijos: \u2013 Didelio elastingumo putplastis, \u2013 Medin\u0117s kojel\u0117s. * baldai gaminami pagal u\u017esakym\u0105 \u2013 u\u017esakymo gamybos laikas: 4\u20136 savait\u0117s<\/p>","protected":false},"excerpt":{"rendered":"<p>Klasikin\u0117 medin\u0117 \u201eCapri\u201c k\u0117d\u0117 su mink\u0161ta apmu\u0161ta s\u0117dyne. Paprasta forma ir klasikin\u0117 i\u0161vaizda puikiai tiks \u012fvairiuose interjeruose. Specifikacijos: \u2013 Didelio elastingumo putplastis, \u2013 Medin\u0117s kojel\u0117s. * baldai gaminami pagal u\u017esakym\u0105 \u2013 u\u017esakymo gamybos laikas: 4\u20136 savait\u0117s<\/p>","protected":false},"featured_media":142664,"comment_status":"open","ping_status":"closed","template":"","meta":[],"product_brand":[],"product_cat":[9381,1930,3450],"product_tag":[],"class_list":{"0":"post-142624","1":"product","2":"type-product","3":"status-publish","4":"has-post-thumbnail","6":"product_cat-chairs-pyka","7":"product_cat-chairs","8":"product_cat-meble-pyka","10":"first","11":"instock","12":"shipping-taxable","13":"purchasable","14":"product-type-variable","15":"wvs-archive-product-wrapper"},"_links":{"self":[{"href":"https:\/\/baldumarket.lt\/lt\/wp-json\/wp\/v2\/product\/142624","targetHints":{"allow":["GET"]}}],"collection":[{"href":"https:\/\/baldumarket.lt\/lt\/wp-json\/wp\/v2\/product"}],"about":[{"href":"https:\/\/baldumarket.lt\/lt\/wp-json\/wp\/v2\/types\/product"}],"replies":[{"embeddable":true,"href":"https:\/\/baldumarket.lt\/lt\/wp-json\/wp\/v2\/comments?post=142624"}],"wp:featuredmedia":[{"embeddable":true,"href":"https:\/\/baldumarket.lt\/lt\/wp-json\/wp\/v2\/media\/142664"}],"wp:attachment":[{"href":"https:\/\/baldumarket.lt\/lt\/wp-json\/wp\/v2\/media?parent=142624"}],"wp:term":[{"taxonomy":"product_brand","embeddable":true,"href":"https:\/\/baldumarket.lt\/lt\/wp-json\/wp\/v2\/product_brand?post=142624"},{"taxonomy":"product_cat","embeddable":true,"href":"https:\/\/baldumarket.lt\/lt\/wp-json\/wp\/v2\/product_cat?post=142624"},{"taxonomy":"product_tag","embeddable":true,"href":"https:\/\/baldumarket.lt\/lt\/wp-json\/wp\/v2\/product_tag?post=142624"}],"curies":[{"name":"wp","href":"https:\/\/api.w.org\/{rel}","templated":true}]}}