{"id":142618,"date":"2025-12-14T01:42:44","date_gmt":"2025-12-13T22:42:44","guid":{"rendered":"https:\/\/baldumarket.lt\/?post_type=product&#038;p=142618"},"modified":"2026-02-03T23:37:13","modified_gmt":"2026-02-03T20:37:13","slug":"krzeslo-bianco-skora","status":"publish","type":"product","link":"https:\/\/baldumarket.lt\/lt\/product\/krzeslo-bianco-skora\/","title":{"rendered":"BIANCO odin\u0117 k\u0117d\u0117"},"content":{"rendered":"<p>Moderni, mink\u0161ta klasikinio stiliaus k\u0117d\u0117. Paprastos formos ji idealiai tinka valgomiesiems, restoranams ir biurams. Specifikacijos: \u2013 Didelio elastingumo putplastis, \u2013 Medin\u0117s kojel\u0117s. * baldai gaminami pagal u\u017esakym\u0105 \u2013 u\u017esakymo gamybos laikas: 4\u20136 savait\u0117s<\/p>","protected":false},"excerpt":{"rendered":"<p>A modern, upholstered chair in a classic style. Its simple shape makes it ideal for dining rooms, restaurants, and offices. Specifications: &#8211; Highly resilient foam, &#8211; Wooden legs. * custom-made furniture &#8211; order lead time: 4 to 6 weeks<\/p>","protected":false},"featured_media":142656,"comment_status":"open","ping_status":"closed","template":"","meta":[],"product_brand":[],"product_cat":[9381,1930,3450],"product_tag":[],"class_list":{"0":"post-142618","1":"product","2":"type-product","3":"status-publish","4":"has-post-thumbnail","6":"product_cat-chairs-pyka","7":"product_cat-chairs","8":"product_cat-meble-pyka","10":"first","11":"instock","12":"shipping-taxable","13":"purchasable","14":"product-type-variable","15":"wvs-archive-product-wrapper"},"_links":{"self":[{"href":"https:\/\/baldumarket.lt\/lt\/wp-json\/wp\/v2\/product\/142618","targetHints":{"allow":["GET"]}}],"collection":[{"href":"https:\/\/baldumarket.lt\/lt\/wp-json\/wp\/v2\/product"}],"about":[{"href":"https:\/\/baldumarket.lt\/lt\/wp-json\/wp\/v2\/types\/product"}],"replies":[{"embeddable":true,"href":"https:\/\/baldumarket.lt\/lt\/wp-json\/wp\/v2\/comments?post=142618"}],"wp:featuredmedia":[{"embeddable":true,"href":"https:\/\/baldumarket.lt\/lt\/wp-json\/wp\/v2\/media\/142656"}],"wp:attachment":[{"href":"https:\/\/baldumarket.lt\/lt\/wp-json\/wp\/v2\/media?parent=142618"}],"wp:term":[{"taxonomy":"product_brand","embeddable":true,"href":"https:\/\/baldumarket.lt\/lt\/wp-json\/wp\/v2\/product_brand?post=142618"},{"taxonomy":"product_cat","embeddable":true,"href":"https:\/\/baldumarket.lt\/lt\/wp-json\/wp\/v2\/product_cat?post=142618"},{"taxonomy":"product_tag","embeddable":true,"href":"https:\/\/baldumarket.lt\/lt\/wp-json\/wp\/v2\/product_tag?post=142618"}],"curies":[{"name":"wp","href":"https:\/\/api.w.org\/{rel}","templated":true}]}}