{"id":142616,"date":"2025-12-14T01:42:44","date_gmt":"2025-12-13T22:42:44","guid":{"rendered":"https:\/\/baldumarket.lt\/?post_type=product&#038;p=142616"},"modified":"2026-02-03T23:37:13","modified_gmt":"2026-02-03T20:37:13","slug":"krzesla-karmen-tkanina","status":"publish","type":"product","link":"https:\/\/baldumarket.lt\/lt\/product\/krzesla-karmen-tkanina\/","title":{"rendered":"KARMEN audini\u0173 k\u0117d\u0117s"},"content":{"rendered":"<p>\u201eKarmen\u201c k\u0117d\u0117 \u2013 unikalus modelis vertinantiems modern\u0173 interjer\u0105. Juodai baltai dry\u017euotas audinys pabr\u0117\u017eia eleganti\u0161k\u0105 k\u0117d\u0117s charakter\u012f. Specifikacijos: \u2013 Labai elastingas putplastis, \u2013 Medin\u0117s kojel\u0117s. Kaina nurodyta u\u017e vien\u0105 k\u0117d\u0119. Yra 6 vnt.<\/p>","protected":false},"excerpt":{"rendered":"<p>\u201eKarmen\u201c k\u0117d\u0117 \u2013 unikalus modelis vertinantiems modern\u0173 interjer\u0105. Juodai baltai dry\u017euotas audinys pabr\u0117\u017eia eleganti\u0161k\u0105 k\u0117d\u0117s charakter\u012f. Specifikacijos: \u2013 Labai elastingas putplastis, \u2013 Medin\u0117s kojel\u0117s. Kaina nurodyta u\u017e vien\u0105 k\u0117d\u0119. Yra 6 vnt.<\/p>","protected":false},"featured_media":142652,"comment_status":"open","ping_status":"closed","template":"","meta":[],"product_brand":[],"product_cat":[1930,3450],"product_tag":[],"class_list":{"0":"post-142616","1":"product","2":"type-product","3":"status-publish","4":"has-post-thumbnail","6":"product_cat-chairs","7":"product_cat-meble-pyka","9":"first","10":"instock","11":"shipping-taxable","12":"purchasable","13":"product-type-variable","14":"wvs-archive-product-wrapper"},"_links":{"self":[{"href":"https:\/\/baldumarket.lt\/lt\/wp-json\/wp\/v2\/product\/142616","targetHints":{"allow":["GET"]}}],"collection":[{"href":"https:\/\/baldumarket.lt\/lt\/wp-json\/wp\/v2\/product"}],"about":[{"href":"https:\/\/baldumarket.lt\/lt\/wp-json\/wp\/v2\/types\/product"}],"replies":[{"embeddable":true,"href":"https:\/\/baldumarket.lt\/lt\/wp-json\/wp\/v2\/comments?post=142616"}],"wp:featuredmedia":[{"embeddable":true,"href":"https:\/\/baldumarket.lt\/lt\/wp-json\/wp\/v2\/media\/142652"}],"wp:attachment":[{"href":"https:\/\/baldumarket.lt\/lt\/wp-json\/wp\/v2\/media?parent=142616"}],"wp:term":[{"taxonomy":"product_brand","embeddable":true,"href":"https:\/\/baldumarket.lt\/lt\/wp-json\/wp\/v2\/product_brand?post=142616"},{"taxonomy":"product_cat","embeddable":true,"href":"https:\/\/baldumarket.lt\/lt\/wp-json\/wp\/v2\/product_cat?post=142616"},{"taxonomy":"product_tag","embeddable":true,"href":"https:\/\/baldumarket.lt\/lt\/wp-json\/wp\/v2\/product_tag?post=142616"}],"curies":[{"name":"wp","href":"https:\/\/api.w.org\/{rel}","templated":true}]}}