{"id":142560,"date":"2025-12-14T01:41:40","date_gmt":"2025-12-13T22:41:40","guid":{"rendered":"https:\/\/baldumarket.lt\/?post_type=product&#038;p=142560"},"modified":"2026-02-03T23:37:16","modified_gmt":"2026-02-03T20:37:16","slug":"komoda-4-szuflady-natura","status":"publish","type":"product","link":"https:\/\/baldumarket.lt\/lt\/product\/komoda-4-szuflady-natura\/","title":{"rendered":"4 stal\u010di\u0173 nat\u016bralus komoda"},"content":{"rendered":"<p>Komodos, spintos, ma\u017eesn\u0117s spintel\u0117s ir didel\u0117s vitrinos. Specialiai savo klientams pareng\u0117me plat\u0173 svetain\u0117s bald\u0173 katalog\u0105, kuriame kiekvienas \u201eNatura\u201c kolekcijos baldas pasi\u017eymi auk\u0161tos kokyb\u0117s meistri\u0161kumu ir patraukliu, unikaliu dizainu. Specifikacijos: \u2013 Plastikin\u0117s kojel\u0117s \u2013 juodos, \u2013 Nat\u016bralaus \u0105\u017euolo fanera \u2013 alyvuota, \u2013 Stal\u010diai su \u0161velniu u\u017edarymu, \u2013 Metalin\u0117s ranken\u0117l\u0117s \u2013 juodos. * baldai pagal u\u017esakym\u0105 \u2013 gamybos laikas 3\u20136 savait\u0117s<\/p>","protected":false},"excerpt":{"rendered":"<p>Komodos, spintos, ma\u017eesn\u0117s spintel\u0117s ir didel\u0117s vitrinos. Specialiai savo klientams pareng\u0117me plat\u0173 svetain\u0117s bald\u0173 katalog\u0105, kuriame kiekvienas \u201eNatura\u201c kolekcijos baldas pasi\u017eymi auk\u0161tos kokyb\u0117s meistri\u0161kumu ir patraukliu, unikaliu dizainu. Specifikacijos: \u2013 Plastikin\u0117s kojel\u0117s \u2013 juodos, \u2013 Nat\u016bralaus \u0105\u017euolo fanera \u2013 alyvuota, \u2013 Stal\u010diai su \u0161velniu u\u017edarymu, \u2013 Metaliniai [\u2026]<\/p>","protected":false},"featured_media":142580,"comment_status":"open","ping_status":"closed","template":"","meta":[],"product_brand":[],"product_cat":[9380,1173,3450],"product_tag":[],"class_list":{"0":"post-142560","1":"product","2":"type-product","3":"status-publish","4":"has-post-thumbnail","6":"product_cat-furniture-system-natura","7":"product_cat-chests-of-drawers","8":"product_cat-meble-pyka","10":"first","11":"instock","12":"shipping-taxable","13":"purchasable","14":"product-type-variable","15":"wvs-archive-product-wrapper"},"_links":{"self":[{"href":"https:\/\/baldumarket.lt\/lt\/wp-json\/wp\/v2\/product\/142560","targetHints":{"allow":["GET"]}}],"collection":[{"href":"https:\/\/baldumarket.lt\/lt\/wp-json\/wp\/v2\/product"}],"about":[{"href":"https:\/\/baldumarket.lt\/lt\/wp-json\/wp\/v2\/types\/product"}],"replies":[{"embeddable":true,"href":"https:\/\/baldumarket.lt\/lt\/wp-json\/wp\/v2\/comments?post=142560"}],"wp:featuredmedia":[{"embeddable":true,"href":"https:\/\/baldumarket.lt\/lt\/wp-json\/wp\/v2\/media\/142580"}],"wp:attachment":[{"href":"https:\/\/baldumarket.lt\/lt\/wp-json\/wp\/v2\/media?parent=142560"}],"wp:term":[{"taxonomy":"product_brand","embeddable":true,"href":"https:\/\/baldumarket.lt\/lt\/wp-json\/wp\/v2\/product_brand?post=142560"},{"taxonomy":"product_cat","embeddable":true,"href":"https:\/\/baldumarket.lt\/lt\/wp-json\/wp\/v2\/product_cat?post=142560"},{"taxonomy":"product_tag","embeddable":true,"href":"https:\/\/baldumarket.lt\/lt\/wp-json\/wp\/v2\/product_tag?post=142560"}],"curies":[{"name":"wp","href":"https:\/\/api.w.org\/{rel}","templated":true}]}}