{"id":142520,"date":"2025-12-14T01:40:44","date_gmt":"2025-12-13T22:40:44","guid":{"rendered":"https:\/\/baldumarket.lt\/?post_type=product&#038;p=142520"},"modified":"2026-02-03T23:37:17","modified_gmt":"2026-02-03T20:37:17","slug":"komoda-1s-1dsz-2dpe-remi-180-cm","status":"publish","type":"product","link":"https:\/\/baldumarket.lt\/lt\/product\/komoda-1s-1dsz-2dpe-remi-180-cm\/","title":{"rendered":"komoda 1S 1DSZ 2DPE REMI 180 cm"},"content":{"rendered":"<p>Komodos, spintos, ma\u017eesn\u0117s spintel\u0117s ir didel\u0117s vitrinos. Savo klientams pareng\u0117me plat\u0173 svetain\u0117s bald\u0173 katalog\u0105, kuriame kiekvienas \u201eRemi\u201c kolekcijos baldas pasi\u017eymi auk\u0161tos kokyb\u0117s meistri\u0161kumu ir patraukliu, unikaliu dizainu. Specifikacijos: \u2013 Plastikin\u0117s kojel\u0117s, \u2013 Nat\u016bralus \u0105\u017euolo fanera, \u2013 \u0160velniai u\u017esidarantys stal\u010diai. * Baldai pagal u\u017esakym\u0105 \u2013 u\u017esakymo gamybos laikas: 3\u20136 savait\u0117s<\/p>","protected":false},"excerpt":{"rendered":"<p>Komodos, spintos, ma\u017eesn\u0117s spintel\u0117s ir didel\u0117s vitrinos. Savo klientams pareng\u0117me plat\u0173 svetain\u0117s bald\u0173 katalog\u0105, kuriame kiekvienas \u201eRemi\u201c kolekcijos baldas pasi\u017eymi auk\u0161tos kokyb\u0117s meistri\u0161kumu ir patraukliu, unikaliu dizainu. Specifikacijos: \u2013 Plastikin\u0117s kojel\u0117s, \u2013 Nat\u016bralus \u0105\u017euolo fanera, \u2013 \u0160velniai u\u017esidarantys stal\u010diai. * Baldai pagal u\u017esakym\u0105 \u2013 u\u017esakymo gamybos laikas: [\u2026]<\/p>","protected":false},"featured_media":142551,"comment_status":"open","ping_status":"closed","template":"","meta":[],"product_brand":[],"product_cat":[9359,1173,3450],"product_tag":[],"class_list":{"0":"post-142520","1":"product","2":"type-product","3":"status-publish","4":"has-post-thumbnail","6":"product_cat-furniture-system-remi","7":"product_cat-chests-of-drawers","8":"product_cat-meble-pyka","10":"first","11":"instock","12":"shipping-taxable","13":"purchasable","14":"product-type-variable","15":"wvs-archive-product-wrapper"},"_links":{"self":[{"href":"https:\/\/baldumarket.lt\/lt\/wp-json\/wp\/v2\/product\/142520","targetHints":{"allow":["GET"]}}],"collection":[{"href":"https:\/\/baldumarket.lt\/lt\/wp-json\/wp\/v2\/product"}],"about":[{"href":"https:\/\/baldumarket.lt\/lt\/wp-json\/wp\/v2\/types\/product"}],"replies":[{"embeddable":true,"href":"https:\/\/baldumarket.lt\/lt\/wp-json\/wp\/v2\/comments?post=142520"}],"wp:featuredmedia":[{"embeddable":true,"href":"https:\/\/baldumarket.lt\/lt\/wp-json\/wp\/v2\/media\/142551"}],"wp:attachment":[{"href":"https:\/\/baldumarket.lt\/lt\/wp-json\/wp\/v2\/media?parent=142520"}],"wp:term":[{"taxonomy":"product_brand","embeddable":true,"href":"https:\/\/baldumarket.lt\/lt\/wp-json\/wp\/v2\/product_brand?post=142520"},{"taxonomy":"product_cat","embeddable":true,"href":"https:\/\/baldumarket.lt\/lt\/wp-json\/wp\/v2\/product_cat?post=142520"},{"taxonomy":"product_tag","embeddable":true,"href":"https:\/\/baldumarket.lt\/lt\/wp-json\/wp\/v2\/product_tag?post=142520"}],"curies":[{"name":"wp","href":"https:\/\/api.w.org\/{rel}","templated":true}]}}