{"id":142490,"date":"2025-12-14T01:39:49","date_gmt":"2025-12-13T22:39:49","guid":{"rendered":"https:\/\/baldumarket.lt\/?post_type=product&#038;p=142490"},"modified":"2026-02-03T23:37:18","modified_gmt":"2026-02-03T20:37:18","slug":"kanapa-vegas-skora","status":"publish","type":"product","link":"https:\/\/baldumarket.lt\/lt\/product\/kanapa-vegas-skora\/","title":{"rendered":"VEGAS odin\u0117 sofa"},"content":{"rendered":"<p>\u201eVegas\u201c sofa pasi\u017eymi paprastumu, moderniu ir eleganti\u0161ku dizainu. D\u0117l paprastos formos ji puikiai tinka minimalistiniam interjerui. Specifikacijos: \u2013 Zigzago spyruokl\u0117s, \u2013 Didelio elastingumo putplastis, \u2013 Medin\u0117s kojel\u0117s, \u2013 Patalyn\u0117. * baldai gaminami pagal u\u017esakym\u0105 \u2013 u\u017esakymo gamybos laikas: 3\u20136 savait\u0117s <\/p>","protected":false},"excerpt":{"rendered":"<p>\u201eVegas\u201c sofa pasi\u017eymi paprastumu, moderniu ir eleganti\u0161ku dizainu. D\u0117l paprastos formos ji puikiai tinka minimalistiniam interjerui. Specifikacijos: \u2013 Zigzago spyruokl\u0117s, \u2013 Didelio elastingumo putplastis, \u2013 Medin\u0117s kojel\u0117s, \u2013 Patalyn\u0117. * baldai gaminami pagal u\u017esakym\u0105 \u2013 u\u017esakymo gamybos laikas: 3\u20136 savait\u0117s<\/p>","protected":false},"featured_media":142515,"comment_status":"open","ping_status":"closed","template":"","meta":[],"product_brand":[],"product_cat":[9362,3450,560],"product_tag":[],"class_list":{"0":"post-142490","1":"product","2":"type-product","3":"status-publish","4":"has-post-thumbnail","6":"product_cat-vegas-pyka-upholstered-furniture","7":"product_cat-meble-pyka","8":"product_cat-sofas-and-couches","10":"first","11":"instock","12":"shipping-taxable","13":"purchasable","14":"product-type-variable","15":"wvs-archive-product-wrapper"},"_links":{"self":[{"href":"https:\/\/baldumarket.lt\/lt\/wp-json\/wp\/v2\/product\/142490","targetHints":{"allow":["GET"]}}],"collection":[{"href":"https:\/\/baldumarket.lt\/lt\/wp-json\/wp\/v2\/product"}],"about":[{"href":"https:\/\/baldumarket.lt\/lt\/wp-json\/wp\/v2\/types\/product"}],"replies":[{"embeddable":true,"href":"https:\/\/baldumarket.lt\/lt\/wp-json\/wp\/v2\/comments?post=142490"}],"wp:featuredmedia":[{"embeddable":true,"href":"https:\/\/baldumarket.lt\/lt\/wp-json\/wp\/v2\/media\/142515"}],"wp:attachment":[{"href":"https:\/\/baldumarket.lt\/lt\/wp-json\/wp\/v2\/media?parent=142490"}],"wp:term":[{"taxonomy":"product_brand","embeddable":true,"href":"https:\/\/baldumarket.lt\/lt\/wp-json\/wp\/v2\/product_brand?post=142490"},{"taxonomy":"product_cat","embeddable":true,"href":"https:\/\/baldumarket.lt\/lt\/wp-json\/wp\/v2\/product_cat?post=142490"},{"taxonomy":"product_tag","embeddable":true,"href":"https:\/\/baldumarket.lt\/lt\/wp-json\/wp\/v2\/product_tag?post=142490"}],"curies":[{"name":"wp","href":"https:\/\/api.w.org\/{rel}","templated":true}]}}