{"id":142486,"date":"2025-12-14T01:39:48","date_gmt":"2025-12-13T22:39:48","guid":{"rendered":"https:\/\/baldumarket.lt\/?post_type=product&#038;p=142486"},"modified":"2026-02-03T23:37:18","modified_gmt":"2026-02-03T20:37:18","slug":"kanapa-sonia-skora","status":"publish","type":"product","link":"https:\/\/baldumarket.lt\/lt\/product\/kanapa-sonia-skora\/","title":{"rendered":"SONIA odin\u0117 sofa"},"content":{"rendered":"<p>Eleganti\u0161ka \u201eSonia\u201c sofa, pasi\u017eyminti kruop\u0161\u010diu meistri\u0161kumu ir \u0105\u017euoliniu r\u0117mu, puikiai papildys bet kok\u012f stiling\u0105 interjer\u0105. Nepriekai\u0161tinga meistri\u0161kumo kokyb\u0117 ir subtili forma suteikia jai i\u0161ties unikali\u0105 i\u0161vaizd\u0105. Specifikacijos: \u2013 \u201eBonnell\u201c spyruokl\u0117s, \u2013 Didelio elastingumo putplastis, \u2013 Medinis r\u0117mas, \u2013 Galima \u012fsigyti kampin\u0117s sofos variant\u0105. * Bald\u0173 gamyba pagal u\u017esakym\u0105 \u2013 gamybos laikas: 3\u20136 savait\u0117s<\/p>","protected":false},"excerpt":{"rendered":"<p>Eleganti\u0161ka \u201eSonia\u201c sofa, pasi\u017eyminti kruop\u0161\u010diu meistri\u0161kumu ir \u0105\u017euoliniu r\u0117mu, puikiai papildys bet kok\u012f stiling\u0105 interjer\u0105. Nepriekai\u0161tinga meistri\u0161kumo kokyb\u0117 ir subtili forma suteikia jai i\u0161ties unikali\u0105 i\u0161vaizd\u0105. Specifikacijos: \u2013 \u201eBonnell\u201c spyruokl\u0117s, \u2013 Didelio elastingumo putplastis, \u2013 Medinis r\u0117mas, \u2013 Galima \u012fsigyti kampin\u0117s sofos variant\u0105. * Bald\u0173 gamyba pagal u\u017esakym\u0105 \u2013 gamybos laikas: 3\u20136 savait\u0117s<\/p>","protected":false},"featured_media":142514,"comment_status":"open","ping_status":"closed","template":"","meta":[],"product_brand":[],"product_cat":[9363,3450,560],"product_tag":[],"class_list":{"0":"post-142486","1":"product","2":"type-product","3":"status-publish","4":"has-post-thumbnail","6":"product_cat-upholstered-furniture-by-sonia-pyka","7":"product_cat-meble-pyka","8":"product_cat-sofas-and-couches","10":"first","11":"instock","12":"shipping-taxable","13":"purchasable","14":"product-type-variable","15":"wvs-archive-product-wrapper"},"_links":{"self":[{"href":"https:\/\/baldumarket.lt\/lt\/wp-json\/wp\/v2\/product\/142486","targetHints":{"allow":["GET"]}}],"collection":[{"href":"https:\/\/baldumarket.lt\/lt\/wp-json\/wp\/v2\/product"}],"about":[{"href":"https:\/\/baldumarket.lt\/lt\/wp-json\/wp\/v2\/types\/product"}],"replies":[{"embeddable":true,"href":"https:\/\/baldumarket.lt\/lt\/wp-json\/wp\/v2\/comments?post=142486"}],"wp:featuredmedia":[{"embeddable":true,"href":"https:\/\/baldumarket.lt\/lt\/wp-json\/wp\/v2\/media\/142514"}],"wp:attachment":[{"href":"https:\/\/baldumarket.lt\/lt\/wp-json\/wp\/v2\/media?parent=142486"}],"wp:term":[{"taxonomy":"product_brand","embeddable":true,"href":"https:\/\/baldumarket.lt\/lt\/wp-json\/wp\/v2\/product_brand?post=142486"},{"taxonomy":"product_cat","embeddable":true,"href":"https:\/\/baldumarket.lt\/lt\/wp-json\/wp\/v2\/product_cat?post=142486"},{"taxonomy":"product_tag","embeddable":true,"href":"https:\/\/baldumarket.lt\/lt\/wp-json\/wp\/v2\/product_tag?post=142486"}],"curies":[{"name":"wp","href":"https:\/\/api.w.org\/{rel}","templated":true}]}}