{"id":142480,"date":"2025-12-14T01:39:46","date_gmt":"2025-12-13T22:39:46","guid":{"rendered":"https:\/\/baldumarket.lt\/?post_type=product&#038;p=142480"},"modified":"2026-02-03T23:37:19","modified_gmt":"2026-02-03T20:37:19","slug":"kanapa-roma-tkanina","status":"publish","type":"product","link":"https:\/\/baldumarket.lt\/lt\/product\/kanapa-roma-tkanina\/","title":{"rendered":"ROMA Audinio sofa"},"content":{"rendered":"<p>Eleganti\u0161ka, kruop\u0161taus meistri\u0161kumo ir \u0105\u017euolinio r\u0117mo \u201eRoma\u201c sofa puikiai papildys bet kok\u012f stiling\u0105 interjer\u0105. Nepriekai\u0161tinga meistri\u0161kumo kokyb\u0117 ir subtili forma suteikia jai i\u0161ties unikali\u0105 i\u0161vaizd\u0105. Specifikacijos: \u2013 \u201eBonnell\u201c spyruokl\u0117s, \u2013 Didelio elastingumo putplastis, \u2013 Medinis r\u0117mas, \u2013 Galima \u012fsigyti kampin\u0117s sofos variant\u0105. * Bald\u0173 gamyba pagal u\u017esakym\u0105 \u2013 gamybos laikas: 3\u20136 savait\u0117s<\/p>","protected":false},"excerpt":{"rendered":"<p>The elegant Roma sofa, with its meticulous craftsmanship and oak frame, will perfectly complement any stylish interior. Its impeccable craftsmanship and subtle shape make it truly unique. Specifications: &#8211; Bonnell springs, &#8211; High-resilience foam, &#8211; Wooden frame, &#8211; Corner sofa option available. * Custom-made furniture &#8211; lead time 3 to 6 weeks<\/p>","protected":false},"featured_media":142512,"comment_status":"open","ping_status":"closed","template":"","meta":[],"product_brand":[],"product_cat":[9361,3450,560],"product_tag":[],"class_list":{"0":"post-142480","1":"product","2":"type-product","3":"status-publish","4":"has-post-thumbnail","6":"product_cat-roma-pyka-upholstered-furniture","7":"product_cat-meble-pyka","8":"product_cat-sofas-and-couches","10":"first","11":"instock","12":"shipping-taxable","13":"purchasable","14":"product-type-variable","15":"wvs-archive-product-wrapper"},"_links":{"self":[{"href":"https:\/\/baldumarket.lt\/lt\/wp-json\/wp\/v2\/product\/142480","targetHints":{"allow":["GET"]}}],"collection":[{"href":"https:\/\/baldumarket.lt\/lt\/wp-json\/wp\/v2\/product"}],"about":[{"href":"https:\/\/baldumarket.lt\/lt\/wp-json\/wp\/v2\/types\/product"}],"replies":[{"embeddable":true,"href":"https:\/\/baldumarket.lt\/lt\/wp-json\/wp\/v2\/comments?post=142480"}],"wp:featuredmedia":[{"embeddable":true,"href":"https:\/\/baldumarket.lt\/lt\/wp-json\/wp\/v2\/media\/142512"}],"wp:attachment":[{"href":"https:\/\/baldumarket.lt\/lt\/wp-json\/wp\/v2\/media?parent=142480"}],"wp:term":[{"taxonomy":"product_brand","embeddable":true,"href":"https:\/\/baldumarket.lt\/lt\/wp-json\/wp\/v2\/product_brand?post=142480"},{"taxonomy":"product_cat","embeddable":true,"href":"https:\/\/baldumarket.lt\/lt\/wp-json\/wp\/v2\/product_cat?post=142480"},{"taxonomy":"product_tag","embeddable":true,"href":"https:\/\/baldumarket.lt\/lt\/wp-json\/wp\/v2\/product_tag?post=142480"}],"curies":[{"name":"wp","href":"https:\/\/api.w.org\/{rel}","templated":true}]}}