{"id":142445,"date":"2025-12-14T01:38:46","date_gmt":"2025-12-13T22:38:46","guid":{"rendered":"https:\/\/baldumarket.lt\/?post_type=product&#038;p=142445"},"modified":"2026-04-08T15:58:26","modified_gmt":"2026-04-08T12:58:26","slug":"kanapa-ludwig-tkanina","status":"publish","type":"product","link":"https:\/\/baldumarket.lt\/lt\/product\/kanapa-ludwig-tkanina\/","title":{"rendered":"LUDWIG Audinio sofa"},"content":{"rendered":"<p>\u201eLudwig\u201c sofa \u2013 unikalus modelis ie\u0161kantiems Liudviko stiliaus bald\u0173. Lengvumas ir grak\u0161tumas \u2013 tai i\u0161skirtiniai jos privalumai. Formuotos atlo\u0161o juostel\u0117s ir patog\u016bs porankiai suteikia i\u0161skirtin\u012f komfort\u0105. Specifikacijos: \u2013 Labai elastingos dir\u017eeliai, \u2013 Labai elastingas HR putplastis, \u2013 Medin\u0117s kojel\u0117s, \u2013 Dekoratyvin\u0117s apmu\u0161al\u0173 vinys. * baldai gaminami pagal u\u017esakym\u0105 \u2013 u\u017esakymo gamybos laikas: 3\u20136 savait\u0117s<\/p>","protected":false},"excerpt":{"rendered":"<p>\u201eLudwig\u201c sofa \u2013 tai unikalus modelis ie\u0161kantiems Liudviko stiliaus bald\u0173. Lengvumas ir grak\u0161tumas \u2013 tai i\u0161skirtiniai privalumai. Formuotos atlo\u0161o juostel\u0117s ir patog\u016bs porankiai suteikia i\u0161skirtin\u012f komfort\u0105. Specifikacijos: \u2013 Labai elastingos dir\u017eeliai, \u2013 Labai elastingas HR putplastis, \u2013 Medin\u0117s kojel\u0117s, \u2013 Dekoratyvin\u0117s apmu\u0161al\u0173 vinys. * baldai pagal u\u017esakym\u0105 \u2013 u\u017esakymo atlikimo laikas: 3\u20136 [\u2026]<\/p>","protected":false},"featured_media":142475,"comment_status":"open","ping_status":"closed","template":"","meta":[],"product_brand":[],"product_cat":[9373,3450,560],"product_tag":[],"class_list":{"0":"post-142445","1":"product","2":"type-product","3":"status-publish","4":"has-post-thumbnail","6":"product_cat-ludwig-pyka-upholstered-furniture","7":"product_cat-meble-pyka","8":"product_cat-sofas-and-couches","10":"first","11":"instock","12":"shipping-taxable","13":"purchasable","14":"product-type-variable","15":"wvs-archive-product-wrapper"},"_links":{"self":[{"href":"https:\/\/baldumarket.lt\/lt\/wp-json\/wp\/v2\/product\/142445","targetHints":{"allow":["GET"]}}],"collection":[{"href":"https:\/\/baldumarket.lt\/lt\/wp-json\/wp\/v2\/product"}],"about":[{"href":"https:\/\/baldumarket.lt\/lt\/wp-json\/wp\/v2\/types\/product"}],"replies":[{"embeddable":true,"href":"https:\/\/baldumarket.lt\/lt\/wp-json\/wp\/v2\/comments?post=142445"}],"wp:featuredmedia":[{"embeddable":true,"href":"https:\/\/baldumarket.lt\/lt\/wp-json\/wp\/v2\/media\/142475"}],"wp:attachment":[{"href":"https:\/\/baldumarket.lt\/lt\/wp-json\/wp\/v2\/media?parent=142445"}],"wp:term":[{"taxonomy":"product_brand","embeddable":true,"href":"https:\/\/baldumarket.lt\/lt\/wp-json\/wp\/v2\/product_brand?post=142445"},{"taxonomy":"product_cat","embeddable":true,"href":"https:\/\/baldumarket.lt\/lt\/wp-json\/wp\/v2\/product_cat?post=142445"},{"taxonomy":"product_tag","embeddable":true,"href":"https:\/\/baldumarket.lt\/lt\/wp-json\/wp\/v2\/product_tag?post=142445"}],"curies":[{"name":"wp","href":"https:\/\/api.w.org\/{rel}","templated":true}]}}