{"id":142426,"date":"2025-12-14T01:38:17","date_gmt":"2025-12-13T22:38:17","guid":{"rendered":"https:\/\/baldumarket.lt\/?post_type=product&#038;p=142426"},"modified":"2026-02-03T23:37:20","modified_gmt":"2026-02-03T20:37:20","slug":"kanapa-jupiter-skora","status":"publish","type":"product","link":"https:\/\/baldumarket.lt\/lt\/product\/kanapa-jupiter-skora\/","title":{"rendered":"JUPITER odin\u0117 sofa"},"content":{"rendered":"<p>D\u0117l savo formos \u201eJupiter\u201c sofa yra vienas patogiausi\u0173 svetain\u0117s bald\u0173, puikiai dera tiek su moderniu, tiek su klasikiniu stiliumi. Ji ypa\u010d tinka vidutinio dyd\u017eio interjerams. Specifikacijos: - \u201eBonnell\u201c spyruokl\u0117s, - Didelio elastingumo putplastis, - Galima \u012fsigyti kampin\u0117s sofos variant\u0105. * Baldai gaminami pagal u\u017esakym\u0105 \u2013 u\u017esakymo gamybos laikas: 3\u20136 savait\u0117s<\/p>","protected":false},"excerpt":{"rendered":"<p>D\u0117l savo formos \u201eJupiter\u201c sofa yra vienas patogiausi\u0173 svetain\u0117s bald\u0173, puikiai dera tiek su moderniu, tiek su klasikiniu stiliumi. Ji ypa\u010d tinka vidutinio dyd\u017eio interjerams. Specifikacijos: - \u201eBonnell\u201c spyruokl\u0117s, - Didelio elastingumo putplastis, - Galima \u012fsigyti kampin\u0117s sofos variant\u0105. * Baldai gaminami pagal u\u017esakym\u0105 \u2013 u\u017esakymo gamybos laikas: 3\u20136 savait\u0117s<\/p>","protected":false},"featured_media":142456,"comment_status":"open","ping_status":"closed","template":"","meta":[],"product_brand":[],"product_cat":[9370,3450,560],"product_tag":[],"class_list":{"0":"post-142426","1":"product","2":"type-product","3":"status-publish","4":"has-post-thumbnail","6":"product_cat-jupiter-pyka-upholstered-furniture","7":"product_cat-meble-pyka","8":"product_cat-sofas-and-couches","10":"first","11":"instock","12":"shipping-taxable","13":"purchasable","14":"product-type-variable","15":"wvs-archive-product-wrapper"},"_links":{"self":[{"href":"https:\/\/baldumarket.lt\/lt\/wp-json\/wp\/v2\/product\/142426","targetHints":{"allow":["GET"]}}],"collection":[{"href":"https:\/\/baldumarket.lt\/lt\/wp-json\/wp\/v2\/product"}],"about":[{"href":"https:\/\/baldumarket.lt\/lt\/wp-json\/wp\/v2\/types\/product"}],"replies":[{"embeddable":true,"href":"https:\/\/baldumarket.lt\/lt\/wp-json\/wp\/v2\/comments?post=142426"}],"wp:featuredmedia":[{"embeddable":true,"href":"https:\/\/baldumarket.lt\/lt\/wp-json\/wp\/v2\/media\/142456"}],"wp:attachment":[{"href":"https:\/\/baldumarket.lt\/lt\/wp-json\/wp\/v2\/media?parent=142426"}],"wp:term":[{"taxonomy":"product_brand","embeddable":true,"href":"https:\/\/baldumarket.lt\/lt\/wp-json\/wp\/v2\/product_brand?post=142426"},{"taxonomy":"product_cat","embeddable":true,"href":"https:\/\/baldumarket.lt\/lt\/wp-json\/wp\/v2\/product_cat?post=142426"},{"taxonomy":"product_tag","embeddable":true,"href":"https:\/\/baldumarket.lt\/lt\/wp-json\/wp\/v2\/product_tag?post=142426"}],"curies":[{"name":"wp","href":"https:\/\/api.w.org\/{rel}","templated":true}]}}