{"id":142424,"date":"2025-12-14T01:38:16","date_gmt":"2025-12-13T22:38:16","guid":{"rendered":"https:\/\/baldumarket.lt\/?post_type=product&#038;p=142424"},"modified":"2026-02-03T23:37:20","modified_gmt":"2026-02-03T20:37:20","slug":"kanapa-galicja-tkanina","status":"publish","type":"product","link":"https:\/\/baldumarket.lt\/lt\/product\/kanapa-galicja-tkanina\/","title":{"rendered":"GALICJA garso sofa"},"content":{"rendered":"<p>Klasikin\u0117 ir funkcionali sofa-lova, tinkanti bet kokiam kambariui. Kruop\u0161tus meistri\u0161kumas u\u017etikrina komfort\u0105, o si\u016bl\u0117s papuo\u0161 j\u016bs\u0173 interjer\u0105. Specifikacijos: \u2013 Zigzago spyruokl\u0117s, \u2013 Didelio elastingumo porolonas, \u2013 Patalyn\u0117s laikymo vieta, \u2013 2 pagalv\u0117s, * baldai gaminami pagal u\u017esakym\u0105 \u2013 u\u017esakymo gamybos laikas: 3\u20136 savait\u0117s<\/p>","protected":false},"excerpt":{"rendered":"<p>Klasikin\u0117 ir funkcionali sofa-lova, tinkanti bet kokiam kambariui. Kruop\u0161tus meistri\u0161kumas u\u017etikrina komfort\u0105, o si\u016bl\u0117s papuo\u0161 j\u016bs\u0173 interjer\u0105. Specifikacijos: \u2013 Zigzago spyruokl\u0117s, \u2013 Didelio elastingumo porolonas, \u2013 Patalyn\u0117s laikymo vieta, \u2013 2 pagalv\u0117s, * baldai gaminami pagal u\u017esakym\u0105 \u2013 u\u017esakymo gamybos laikas: 3\u20136 savait\u0117s<\/p>","protected":false},"featured_media":142281,"comment_status":"open","ping_status":"closed","template":"","meta":[],"product_brand":[],"product_cat":[9369,3450,560],"product_tag":[],"class_list":{"0":"post-142424","1":"product","2":"type-product","3":"status-publish","4":"has-post-thumbnail","6":"product_cat-galicja-pyka-upholstered-furniture","7":"product_cat-meble-pyka","8":"product_cat-sofas-and-couches","10":"first","11":"instock","12":"shipping-taxable","13":"purchasable","14":"product-type-variable","15":"wvs-archive-product-wrapper"},"_links":{"self":[{"href":"https:\/\/baldumarket.lt\/lt\/wp-json\/wp\/v2\/product\/142424","targetHints":{"allow":["GET"]}}],"collection":[{"href":"https:\/\/baldumarket.lt\/lt\/wp-json\/wp\/v2\/product"}],"about":[{"href":"https:\/\/baldumarket.lt\/lt\/wp-json\/wp\/v2\/types\/product"}],"replies":[{"embeddable":true,"href":"https:\/\/baldumarket.lt\/lt\/wp-json\/wp\/v2\/comments?post=142424"}],"wp:featuredmedia":[{"embeddable":true,"href":"https:\/\/baldumarket.lt\/lt\/wp-json\/wp\/v2\/media\/142281"}],"wp:attachment":[{"href":"https:\/\/baldumarket.lt\/lt\/wp-json\/wp\/v2\/media?parent=142424"}],"wp:term":[{"taxonomy":"product_brand","embeddable":true,"href":"https:\/\/baldumarket.lt\/lt\/wp-json\/wp\/v2\/product_brand?post=142424"},{"taxonomy":"product_cat","embeddable":true,"href":"https:\/\/baldumarket.lt\/lt\/wp-json\/wp\/v2\/product_cat?post=142424"},{"taxonomy":"product_tag","embeddable":true,"href":"https:\/\/baldumarket.lt\/lt\/wp-json\/wp\/v2\/product_tag?post=142424"}],"curies":[{"name":"wp","href":"https:\/\/api.w.org\/{rel}","templated":true}]}}