{"id":142405,"date":"2025-12-14T01:37:46","date_gmt":"2025-12-13T22:37:46","guid":{"rendered":"https:\/\/baldumarket.lt\/?post_type=product&#038;p=142405"},"modified":"2026-02-03T23:37:22","modified_gmt":"2026-02-03T20:37:22","slug":"kanapa-finka-skora","status":"publish","type":"product","link":"https:\/\/baldumarket.lt\/lt\/product\/kanapa-finka-skora\/","title":{"rendered":"FINKA odin\u0117 sofa"},"content":{"rendered":"<p>Klasikin\u0117 ir funkcionali sofa-lova, tinkanti bet kokiam kambariui. Kruop\u0161tus meistri\u0161kumas u\u017etikrina komfort\u0105, o si\u016bl\u0117s papuo\u0161 j\u016bs\u0173 interjer\u0105. Specifikacijos: \u2013 Zigzago spyruokl\u0117s, \u2013 Didelio elastingumo porolonas, \u2013 Patalyn\u0117s laikymo vieta, \u2013 2 pagalv\u0117s, *Nuotraukoje pavaizduota medin\u0117 grotel\u0117 galima \u012fsigyti u\u017e papildom\u0105 180 PLN mokest\u012f. ** Bald\u0173 gamyba pagal u\u017esakym\u0105 \u2013 u\u017esakymo gamybos laikas: 3\u20136 savait\u0117s<\/p>","protected":false},"excerpt":{"rendered":"<p>Klasikin\u0117 ir funkcionali sofa-lova, tinkanti bet kokiam kambariui. Kruop\u0161tus meistri\u0161kumas u\u017etikrina komfort\u0105, o si\u016bl\u0117s papuo\u0161 j\u016bs\u0173 interjer\u0105. Specifikacijos: \u2013 Zigzago spyruokl\u0117s, \u2013 Didelio elastingumo porolonas, \u2013 Patalyn\u0117s laikymo vieta, \u2013 2 pagalv\u0117s, *Nuotraukoje pavaizduota medin\u0117 grotel\u0117 galima \u012fsigyti u\u017e papildom\u0105 180 PLN mokest\u012f. ** Baldai pagal u\u017esakym\u0105 [\u2026]<\/p>","protected":false},"featured_media":142437,"comment_status":"open","ping_status":"closed","template":"","meta":[],"product_brand":[],"product_cat":[9367,3450,560],"product_tag":[],"class_list":{"0":"post-142405","1":"product","2":"type-product","3":"status-publish","4":"has-post-thumbnail","6":"product_cat-upholstered-furniture-finka-pyka","7":"product_cat-meble-pyka","8":"product_cat-sofas-and-couches","10":"first","11":"instock","12":"shipping-taxable","13":"purchasable","14":"product-type-variable","15":"wvs-archive-product-wrapper"},"_links":{"self":[{"href":"https:\/\/baldumarket.lt\/lt\/wp-json\/wp\/v2\/product\/142405","targetHints":{"allow":["GET"]}}],"collection":[{"href":"https:\/\/baldumarket.lt\/lt\/wp-json\/wp\/v2\/product"}],"about":[{"href":"https:\/\/baldumarket.lt\/lt\/wp-json\/wp\/v2\/types\/product"}],"replies":[{"embeddable":true,"href":"https:\/\/baldumarket.lt\/lt\/wp-json\/wp\/v2\/comments?post=142405"}],"wp:featuredmedia":[{"embeddable":true,"href":"https:\/\/baldumarket.lt\/lt\/wp-json\/wp\/v2\/media\/142437"}],"wp:attachment":[{"href":"https:\/\/baldumarket.lt\/lt\/wp-json\/wp\/v2\/media?parent=142405"}],"wp:term":[{"taxonomy":"product_brand","embeddable":true,"href":"https:\/\/baldumarket.lt\/lt\/wp-json\/wp\/v2\/product_brand?post=142405"},{"taxonomy":"product_cat","embeddable":true,"href":"https:\/\/baldumarket.lt\/lt\/wp-json\/wp\/v2\/product_cat?post=142405"},{"taxonomy":"product_tag","embeddable":true,"href":"https:\/\/baldumarket.lt\/lt\/wp-json\/wp\/v2\/product_tag?post=142405"}],"curies":[{"name":"wp","href":"https:\/\/api.w.org\/{rel}","templated":true}]}}