{"id":142387,"date":"2025-12-14T01:37:15","date_gmt":"2025-12-13T22:37:15","guid":{"rendered":"https:\/\/baldumarket.lt\/?post_type=product&#038;p=142387"},"modified":"2026-04-08T15:58:09","modified_gmt":"2026-04-08T12:58:09","slug":"kanapa-chesterfield-tkanina","status":"publish","type":"product","link":"https:\/\/baldumarket.lt\/lt\/product\/kanapa-chesterfield-tkanina\/","title":{"rendered":"\u010cESTERFIELDO audinio sofa"},"content":{"rendered":"<p>D\u0117l savo klasikin\u0117s elegancijos \u201eChesterfield\u201c sofa puikiai dera tiek su moderniais, tiek su vinta\u017einiais baldais. D\u0117l dygsniuoto dizaino tai vienas atpa\u017e\u012fstamiausi\u0173 bald\u0173 komplekt\u0173 visame pasaulyje. Jis puikiai papildys prabang\u0173 interjer\u0105. Specifikacijos: \u2013 \u201eBonnell\u201c spyruokl\u0117s, \u2013 Didelio elastingumo putplastis, \u2013 Medin\u0117s kojel\u0117s, \u2013 Galima pasirinkti kampin\u0119 sof\u0105. * Bald\u0173 gamyba pagal u\u017esakym\u0105 \u2013 gamybos laikas: 3\u20136 savait\u0117s<\/p>","protected":false},"excerpt":{"rendered":"<p>D\u0117l savo klasikin\u0117s elegancijos \u201eChesterfield\u201c sofa puikiai dera tiek su moderniais, tiek su vinta\u017einiais baldais. D\u0117l dygsniuoto dizaino tai vienas labiausiai atpa\u017e\u012fstam\u0173 bald\u0173 komplekt\u0173 visame pasaulyje. Jis puikiai papildys prabang\u0173 interjer\u0105. Specifikacijos: \u2013 \u201eBonnell\u201c spyruokl\u0117s, \u2013 Didelio elastingumo putplastis, \u2013 Medin\u0117s kojel\u0117s, \u2013 Galima \u012fsigyti kampin\u0117s sofos variant\u0105. * Baldai gaminami pagal u\u017esakym\u0105 \u2013 \u0161vinas [\u2026]<\/p>","protected":false},"featured_media":142419,"comment_status":"open","ping_status":"closed","template":"","meta":[],"product_brand":[],"product_cat":[9357,3450,560],"product_tag":[],"class_list":{"0":"post-142387","1":"product","2":"type-product","3":"status-publish","4":"has-post-thumbnail","6":"product_cat-chesterfield-pyka-upholstered-furniture","7":"product_cat-meble-pyka","8":"product_cat-sofas-and-couches","10":"first","11":"instock","12":"shipping-taxable","13":"purchasable","14":"product-type-variable","15":"wvs-archive-product-wrapper"},"_links":{"self":[{"href":"https:\/\/baldumarket.lt\/lt\/wp-json\/wp\/v2\/product\/142387","targetHints":{"allow":["GET"]}}],"collection":[{"href":"https:\/\/baldumarket.lt\/lt\/wp-json\/wp\/v2\/product"}],"about":[{"href":"https:\/\/baldumarket.lt\/lt\/wp-json\/wp\/v2\/types\/product"}],"replies":[{"embeddable":true,"href":"https:\/\/baldumarket.lt\/lt\/wp-json\/wp\/v2\/comments?post=142387"}],"wp:featuredmedia":[{"embeddable":true,"href":"https:\/\/baldumarket.lt\/lt\/wp-json\/wp\/v2\/media\/142419"}],"wp:attachment":[{"href":"https:\/\/baldumarket.lt\/lt\/wp-json\/wp\/v2\/media?parent=142387"}],"wp:term":[{"taxonomy":"product_brand","embeddable":true,"href":"https:\/\/baldumarket.lt\/lt\/wp-json\/wp\/v2\/product_brand?post=142387"},{"taxonomy":"product_cat","embeddable":true,"href":"https:\/\/baldumarket.lt\/lt\/wp-json\/wp\/v2\/product_cat?post=142387"},{"taxonomy":"product_tag","embeddable":true,"href":"https:\/\/baldumarket.lt\/lt\/wp-json\/wp\/v2\/product_tag?post=142387"}],"curies":[{"name":"wp","href":"https:\/\/api.w.org\/{rel}","templated":true}]}}