{"id":142356,"date":"2025-12-14T01:36:15","date_gmt":"2025-12-13T22:36:15","guid":{"rendered":"https:\/\/baldumarket.lt\/?post_type=product&#038;p=142356"},"modified":"2026-04-08T15:58:09","modified_gmt":"2026-04-08T12:58:09","slug":"kanapa-bella-skora","status":"publish","type":"product","link":"https:\/\/baldumarket.lt\/lt\/product\/kanapa-bella-skora\/","title":{"rendered":"BELLA odin\u0117 sofa"},"content":{"rendered":"<p>\u201eBella\u201c sofa \u2013 puikus baldas klientams, norintiems savo namus \u012frengti skandinavi\u0161ku stiliumi. Auk\u0161tos medin\u0117s kojel\u0117s leid\u017eia lengvai valyti baldus neperkeliant j\u0173. Specifikacijos: \u2013 Zigzago spyruokl\u0117s, \u2013 Didelio elastingumo putplastis, \u2013 Auk\u0161tos medin\u0117s kojel\u0117s * baldai gaminami pagal u\u017esakym\u0105 \u2013 gamybos laikas: 3\u20136 savait\u0117s <\/p>","protected":false},"excerpt":{"rendered":"<p>\u201eBella\u201c sofa \u2013 puikus baldas klientams, norintiems savo namus \u012frengti skandinavi\u0161ku stiliumi. Auk\u0161tos medin\u0117s kojel\u0117s leid\u017eia lengvai valyti baldus neperkeliant j\u0173. Specifikacijos: \u2013 Zigzago spyruokl\u0117s, \u2013 Didelio elastingumo putplastis, \u2013 Auk\u0161tos medin\u0117s kojel\u0117s * baldai gaminami pagal u\u017esakym\u0105 \u2013 gamybos laikas: 3\u20136 savait\u0117s<\/p>","protected":false},"featured_media":142383,"comment_status":"open","ping_status":"closed","template":"","meta":[],"product_brand":[],"product_cat":[9353,3450,560],"product_tag":[],"class_list":{"0":"post-142356","1":"product","2":"type-product","3":"status-publish","4":"has-post-thumbnail","6":"product_cat-bella-pyka-upholstered-furniture","7":"product_cat-meble-pyka","8":"product_cat-sofas-and-couches","10":"first","11":"instock","12":"shipping-taxable","13":"purchasable","14":"product-type-variable","15":"wvs-archive-product-wrapper"},"_links":{"self":[{"href":"https:\/\/baldumarket.lt\/lt\/wp-json\/wp\/v2\/product\/142356","targetHints":{"allow":["GET"]}}],"collection":[{"href":"https:\/\/baldumarket.lt\/lt\/wp-json\/wp\/v2\/product"}],"about":[{"href":"https:\/\/baldumarket.lt\/lt\/wp-json\/wp\/v2\/types\/product"}],"replies":[{"embeddable":true,"href":"https:\/\/baldumarket.lt\/lt\/wp-json\/wp\/v2\/comments?post=142356"}],"wp:featuredmedia":[{"embeddable":true,"href":"https:\/\/baldumarket.lt\/lt\/wp-json\/wp\/v2\/media\/142383"}],"wp:attachment":[{"href":"https:\/\/baldumarket.lt\/lt\/wp-json\/wp\/v2\/media?parent=142356"}],"wp:term":[{"taxonomy":"product_brand","embeddable":true,"href":"https:\/\/baldumarket.lt\/lt\/wp-json\/wp\/v2\/product_brand?post=142356"},{"taxonomy":"product_cat","embeddable":true,"href":"https:\/\/baldumarket.lt\/lt\/wp-json\/wp\/v2\/product_cat?post=142356"},{"taxonomy":"product_tag","embeddable":true,"href":"https:\/\/baldumarket.lt\/lt\/wp-json\/wp\/v2\/product_tag?post=142356"}],"curies":[{"name":"wp","href":"https:\/\/api.w.org\/{rel}","templated":true}]}}