{"id":142337,"date":"2025-12-14T01:35:50","date_gmt":"2025-12-13T22:35:50","guid":{"rendered":"https:\/\/baldumarket.lt\/?post_type=product&#038;p=142337"},"modified":"2026-04-07T16:22:50","modified_gmt":"2026-04-07T13:22:50","slug":"kanapa-alex-skora","status":"publish","type":"product","link":"https:\/\/baldumarket.lt\/lt\/product\/kanapa-alex-skora\/","title":{"rendered":"ALEX odin\u0117 sofa"},"content":{"rendered":"<p>Auk\u0161\u010diausios kokyb\u0117s, moderni \u201eAlex\u201c sofa sujungia kokyb\u0119 ir komfort\u0105. Ji turi patogi\u0105 atsipalaidavimo funkcij\u0105, puikiai tinkan\u010di\u0105 atsipalaiduoti po ilgos dienos. Specifikacijos: \u2013 Atsipalaidavimo funkcija i\u0161orin\u0117se pus\u0117se, \u2013 \u201eBonnell\u201c spyruokl\u0117, \u2013 Silikoninis rutuliukas, \u2013 Didelio elastingumo putplastis. * baldai, gaminami pagal u\u017esakym\u0105 \u2013 u\u017esakymo gamybos laikas: 3\u20136 savait\u0117s<\/p>","protected":false},"excerpt":{"rendered":"<p>Auk\u0161\u010diausios kokyb\u0117s, moderni \u201eAlex\u201c sofa sujungia kokyb\u0119 ir komfort\u0105. Ji turi patogi\u0105 atsipalaidavimo funkcij\u0105, puikiai tinkan\u010di\u0105 atsipalaiduoti po ilgos dienos. Specifikacijos: \u2013 Atsipalaidavimo funkcija i\u0161orin\u0117se pus\u0117se, \u2013 \u201eBonnell\u201c spyruokl\u0117, \u2013 Silikoninis rutuliukas, \u2013 Didelio elastingumo putplastis. * baldai, gaminami pagal u\u017esakym\u0105 \u2013 u\u017esakymo gamybos laikas: 3\u20136 savait\u0117s<\/p>","protected":false},"featured_media":142381,"comment_status":"open","ping_status":"closed","template":"","meta":[],"product_brand":[],"product_cat":[9360,3450,560],"product_tag":[],"class_list":{"0":"post-142337","1":"product","2":"type-product","3":"status-publish","4":"has-post-thumbnail","6":"product_cat-alex-pyka-upholstered-furniture","7":"product_cat-meble-pyka","8":"product_cat-sofas-and-couches","10":"first","11":"instock","12":"shipping-taxable","13":"purchasable","14":"product-type-variable","15":"wvs-archive-product-wrapper"},"_links":{"self":[{"href":"https:\/\/baldumarket.lt\/lt\/wp-json\/wp\/v2\/product\/142337","targetHints":{"allow":["GET"]}}],"collection":[{"href":"https:\/\/baldumarket.lt\/lt\/wp-json\/wp\/v2\/product"}],"about":[{"href":"https:\/\/baldumarket.lt\/lt\/wp-json\/wp\/v2\/types\/product"}],"replies":[{"embeddable":true,"href":"https:\/\/baldumarket.lt\/lt\/wp-json\/wp\/v2\/comments?post=142337"}],"wp:featuredmedia":[{"embeddable":true,"href":"https:\/\/baldumarket.lt\/lt\/wp-json\/wp\/v2\/media\/142381"}],"wp:attachment":[{"href":"https:\/\/baldumarket.lt\/lt\/wp-json\/wp\/v2\/media?parent=142337"}],"wp:term":[{"taxonomy":"product_brand","embeddable":true,"href":"https:\/\/baldumarket.lt\/lt\/wp-json\/wp\/v2\/product_brand?post=142337"},{"taxonomy":"product_cat","embeddable":true,"href":"https:\/\/baldumarket.lt\/lt\/wp-json\/wp\/v2\/product_cat?post=142337"},{"taxonomy":"product_tag","embeddable":true,"href":"https:\/\/baldumarket.lt\/lt\/wp-json\/wp\/v2\/product_tag?post=142337"}],"curies":[{"name":"wp","href":"https:\/\/api.w.org\/{rel}","templated":true}]}}