{"id":142331,"date":"2025-12-14T01:35:48","date_gmt":"2025-12-13T22:35:48","guid":{"rendered":"https:\/\/baldumarket.lt\/?post_type=product&#038;p=142331"},"modified":"2026-02-03T23:37:24","modified_gmt":"2026-02-03T20:37:24","slug":"fotel-vegas-tkanina","status":"publish","type":"product","link":"https:\/\/baldumarket.lt\/lt\/product\/fotel-vegas-tkanina\/","title":{"rendered":"VEGAS garso fotelis"},"content":{"rendered":"<p>\u201eVegas\u201c fotelis pasi\u017eymi paprastumu, modernumu ir elegancija. Paprasta forma puikiai dera prie minimalistinio interjero. Specifikacijos: \u2013 Zigzago spyruokl\u0117s, \u2013 Didelio elastingumo putplastis, \u2013 Medin\u0117s kojel\u0117s. * baldai gaminami pagal u\u017esakym\u0105 \u2013 u\u017esakymo gamybos laikas: 3\u20136 savait\u0117s <\/p>","protected":false},"excerpt":{"rendered":"<p>\u201eVegas\u201c fotelis pasi\u017eymi paprastumu, modernumu ir elegancija. Paprasta forma puikiai dera prie minimalistinio interjero. Specifikacijos: \u2013 Zigzago spyruokl\u0117s, \u2013 Didelio elastingumo putplastis, \u2013 Medin\u0117s kojel\u0117s. * baldai gaminami pagal u\u017esakym\u0105 \u2013 u\u017esakymo gamybos laikas: 3\u20136 savait\u0117s<\/p>","protected":false},"featured_media":142364,"comment_status":"open","ping_status":"closed","template":"","meta":[],"product_brand":[],"product_cat":[9362,634,3450],"product_tag":[],"class_list":{"0":"post-142331","1":"product","2":"type-product","3":"status-publish","4":"has-post-thumbnail","6":"product_cat-vegas-pyka-upholstered-furniture","7":"product_cat-armchairs","8":"product_cat-meble-pyka","10":"first","11":"instock","12":"shipping-taxable","13":"purchasable","14":"product-type-variable","15":"wvs-archive-product-wrapper"},"_links":{"self":[{"href":"https:\/\/baldumarket.lt\/lt\/wp-json\/wp\/v2\/product\/142331","targetHints":{"allow":["GET"]}}],"collection":[{"href":"https:\/\/baldumarket.lt\/lt\/wp-json\/wp\/v2\/product"}],"about":[{"href":"https:\/\/baldumarket.lt\/lt\/wp-json\/wp\/v2\/types\/product"}],"replies":[{"embeddable":true,"href":"https:\/\/baldumarket.lt\/lt\/wp-json\/wp\/v2\/comments?post=142331"}],"wp:featuredmedia":[{"embeddable":true,"href":"https:\/\/baldumarket.lt\/lt\/wp-json\/wp\/v2\/media\/142364"}],"wp:attachment":[{"href":"https:\/\/baldumarket.lt\/lt\/wp-json\/wp\/v2\/media?parent=142331"}],"wp:term":[{"taxonomy":"product_brand","embeddable":true,"href":"https:\/\/baldumarket.lt\/lt\/wp-json\/wp\/v2\/product_brand?post=142331"},{"taxonomy":"product_cat","embeddable":true,"href":"https:\/\/baldumarket.lt\/lt\/wp-json\/wp\/v2\/product_cat?post=142331"},{"taxonomy":"product_tag","embeddable":true,"href":"https:\/\/baldumarket.lt\/lt\/wp-json\/wp\/v2\/product_tag?post=142331"}],"curies":[{"name":"wp","href":"https:\/\/api.w.org\/{rel}","templated":true}]}}