{"id":142314,"date":"2025-12-14T01:35:19","date_gmt":"2025-12-13T22:35:19","guid":{"rendered":"https:\/\/baldumarket.lt\/?post_type=product&#038;p=142314"},"modified":"2026-02-03T23:37:24","modified_gmt":"2026-02-03T20:37:24","slug":"fotel-sara-tkanina","status":"publish","type":"product","link":"https:\/\/baldumarket.lt\/lt\/product\/fotel-sara-tkanina\/","title":{"rendered":"SARA audinio fotelis"},"content":{"rendered":"<p>D\u0117l savo mink\u0161tos formos \u201eSara\u201c fotelis yra vienas patogiausi\u0173 svetain\u0117s bald\u0173, puikiai dera tiek su moderniu, tiek su klasikiniu stiliumi. Jis ypa\u010d tinka vidutinio dyd\u017eio interjerams. Specifikacijos: - \u201eBonnell\u201c spyruokl\u0117s, - Didelio elastingumo putplastis, - Juodos plastikin\u0117s kojel\u0117s, - Galima kampin\u0117s sofos parinktis. * Baldai gaminami pagal u\u017esakym\u0105 \u2013 gamybos laikas 3\u20136 savait\u0117s<\/p>","protected":false},"excerpt":{"rendered":"<p>D\u0117l savo mink\u0161tos formos \u201eSara\u201c fotelis yra vienas patogiausi\u0173 svetain\u0117s bald\u0173, puikiai dera tiek su moderniu, tiek su klasikiniu stiliumi. Jis ypa\u010d tinka vidutinio dyd\u017eio interjerams. Specifikacijos: - \u201eBonnell\u201c spyruokl\u0117s, - Didelio elastingumo putplastis, - Juodos plastikin\u0117s kojel\u0117s, - Galima kampin\u0117s sofos parinktis. * Baldai gaminami pagal u\u017esakym\u0105 \u2013 gamybos laikas 3\u20136 savait\u0117s<\/p>","protected":false},"featured_media":142361,"comment_status":"open","ping_status":"closed","template":"","meta":[],"product_brand":[],"product_cat":[9350,634,3450],"product_tag":[],"class_list":{"0":"post-142314","1":"product","2":"type-product","3":"status-publish","4":"has-post-thumbnail","6":"product_cat-sara-pyka-upholstered-furniture","7":"product_cat-armchairs","8":"product_cat-meble-pyka","10":"first","11":"instock","12":"shipping-taxable","13":"purchasable","14":"product-type-variable","15":"wvs-archive-product-wrapper"},"_links":{"self":[{"href":"https:\/\/baldumarket.lt\/lt\/wp-json\/wp\/v2\/product\/142314","targetHints":{"allow":["GET"]}}],"collection":[{"href":"https:\/\/baldumarket.lt\/lt\/wp-json\/wp\/v2\/product"}],"about":[{"href":"https:\/\/baldumarket.lt\/lt\/wp-json\/wp\/v2\/types\/product"}],"replies":[{"embeddable":true,"href":"https:\/\/baldumarket.lt\/lt\/wp-json\/wp\/v2\/comments?post=142314"}],"wp:featuredmedia":[{"embeddable":true,"href":"https:\/\/baldumarket.lt\/lt\/wp-json\/wp\/v2\/media\/142361"}],"wp:attachment":[{"href":"https:\/\/baldumarket.lt\/lt\/wp-json\/wp\/v2\/media?parent=142314"}],"wp:term":[{"taxonomy":"product_brand","embeddable":true,"href":"https:\/\/baldumarket.lt\/lt\/wp-json\/wp\/v2\/product_brand?post=142314"},{"taxonomy":"product_cat","embeddable":true,"href":"https:\/\/baldumarket.lt\/lt\/wp-json\/wp\/v2\/product_cat?post=142314"},{"taxonomy":"product_tag","embeddable":true,"href":"https:\/\/baldumarket.lt\/lt\/wp-json\/wp\/v2\/product_tag?post=142314"}],"curies":[{"name":"wp","href":"https:\/\/api.w.org\/{rel}","templated":true}]}}