{"id":142271,"date":"2025-12-14T01:34:24","date_gmt":"2025-12-13T22:34:24","guid":{"rendered":"https:\/\/baldumarket.lt\/?post_type=product&#038;p=142271"},"modified":"2026-04-08T15:58:09","modified_gmt":"2026-04-08T12:58:09","slug":"fotel-magnett-skora","status":"publish","type":"product","link":"https:\/\/baldumarket.lt\/lt\/product\/fotel-magnett-skora\/","title":{"rendered":"MAGNETT odinis fotelis"},"content":{"rendered":"<p>Auk\u0161\u010diausios kokyb\u0117s, modernus \u201eMagnett\u201c fotelis sujungia kokyb\u0119 ir komfort\u0105. Jis turi patogi\u0105 atsipalaidavimo funkcij\u0105, puikiai tinkan\u010di\u0105 atsipalaiduoti po ilgos dienos. Specifikacijos: \u2013 \u201eBonnell\u201c spyruokl\u0117, \u2013 Silikoninis kamuoliukas, \u2013 Didelio elastingumo putplastis, \u2013 Galima \u012fsigyti kampin\u0119 sof\u0105. * Bald\u0173 gamyba pagal u\u017esakym\u0105 \u2013 gamybos laikas: 3\u20136 savait\u0117s<\/p>","protected":false},"excerpt":{"rendered":"<p>Auk\u0161\u010diausios kokyb\u0117s, modernus \u201eMagnett\u201c fotelis sujungia kokyb\u0119 ir komfort\u0105. Jis turi patogi\u0105 atsipalaidavimo funkcij\u0105, puikiai tinkan\u010di\u0105 atsipalaiduoti po ilgos dienos. Specifikacijos: \u2013 \u201eBonnell\u201c spyruokl\u0117, \u2013 Silikoninis kamuoliukas, \u2013 Didelio elastingumo putplastis, \u2013 Galima \u012fsigyti kampin\u0119 sof\u0105. * Bald\u0173 gamyba pagal u\u017esakym\u0105 \u2013 gamybos laikas: 3\u20136 savait\u0117s<\/p>","protected":false},"featured_media":142303,"comment_status":"open","ping_status":"closed","template":"","meta":[],"product_brand":[],"product_cat":[9376,634,3450],"product_tag":[],"class_list":{"0":"post-142271","1":"product","2":"type-product","3":"status-publish","4":"has-post-thumbnail","6":"product_cat-magnett-pyka-upholstered-furniture","7":"product_cat-armchairs","8":"product_cat-meble-pyka","10":"first","11":"instock","12":"shipping-taxable","13":"purchasable","14":"product-type-variable","15":"wvs-archive-product-wrapper"},"_links":{"self":[{"href":"https:\/\/baldumarket.lt\/lt\/wp-json\/wp\/v2\/product\/142271","targetHints":{"allow":["GET"]}}],"collection":[{"href":"https:\/\/baldumarket.lt\/lt\/wp-json\/wp\/v2\/product"}],"about":[{"href":"https:\/\/baldumarket.lt\/lt\/wp-json\/wp\/v2\/types\/product"}],"replies":[{"embeddable":true,"href":"https:\/\/baldumarket.lt\/lt\/wp-json\/wp\/v2\/comments?post=142271"}],"wp:featuredmedia":[{"embeddable":true,"href":"https:\/\/baldumarket.lt\/lt\/wp-json\/wp\/v2\/media\/142303"}],"wp:attachment":[{"href":"https:\/\/baldumarket.lt\/lt\/wp-json\/wp\/v2\/media?parent=142271"}],"wp:term":[{"taxonomy":"product_brand","embeddable":true,"href":"https:\/\/baldumarket.lt\/lt\/wp-json\/wp\/v2\/product_brand?post=142271"},{"taxonomy":"product_cat","embeddable":true,"href":"https:\/\/baldumarket.lt\/lt\/wp-json\/wp\/v2\/product_cat?post=142271"},{"taxonomy":"product_tag","embeddable":true,"href":"https:\/\/baldumarket.lt\/lt\/wp-json\/wp\/v2\/product_tag?post=142271"}],"curies":[{"name":"wp","href":"https:\/\/api.w.org\/{rel}","templated":true}]}}