{"id":142263,"date":"2025-12-14T01:34:00","date_gmt":"2025-12-13T22:34:00","guid":{"rendered":"https:\/\/baldumarket.lt\/?post_type=product&#038;p=142263"},"modified":"2026-02-03T23:37:26","modified_gmt":"2026-02-03T20:37:26","slug":"fotel-ludwig-skora","status":"publish","type":"product","link":"https:\/\/baldumarket.lt\/lt\/product\/fotel-ludwig-skora\/","title":{"rendered":"LUDWIG odinis fotelis"},"content":{"rendered":"<p>\u201eLudwig\u201c fotelis \u2013 unikalus modelis ie\u0161kantiems Liudviko stiliaus bald\u0173. Jo lengvumas ir grak\u0161tumas yra unikal\u016bs privalumai. Formuotos atlo\u0161o juostel\u0117s ir patog\u016bs porankiai suteikia i\u0161skirtin\u012f komfort\u0105. Specifikacijos: \u2013 Labai elastingos dir\u017eeliai, \u2013 Labai elastingas HR putplastis, \u2013 Medin\u0117s kojel\u0117s, \u2013 Dekoratyvin\u0117s apmu\u0161al\u0173 vinys. * baldai gaminami pagal u\u017esakym\u0105 \u2013 u\u017esakymo gamybos laikas: 3\u20136 savait\u0117s<\/p>","protected":false},"excerpt":{"rendered":"<p>\u201eLudwig\u201c fotelis \u2013 unikalus modelis ie\u0161kantiems Liudviko stiliaus bald\u0173. Jo lengvumas ir grak\u0161tumas yra unikal\u016bs privalumai. Formuotos atlo\u0161o juostel\u0117s ir patog\u016bs porankiai suteikia i\u0161skirtin\u012f komfort\u0105. Specifikacijos: \u2013 Labai elastingos dir\u017eeliai, \u2013 Labai elastingas HR putplastis, \u2013 Medin\u0117s kojel\u0117s, \u2013 Dekoratyvin\u0117s apmu\u0161al\u0173 vinys. * baldai gaminami pagal u\u017esakym\u0105 \u2013 u\u017esakymo gamybos laikas: 3\u20136 savait\u0117s<\/p>","protected":false},"featured_media":142301,"comment_status":"open","ping_status":"closed","template":"","meta":[],"product_brand":[],"product_cat":[634,3450],"product_tag":[],"class_list":{"0":"post-142263","1":"product","2":"type-product","3":"status-publish","4":"has-post-thumbnail","6":"product_cat-armchairs","7":"product_cat-meble-pyka","9":"first","10":"instock","11":"shipping-taxable","12":"purchasable","13":"product-type-variable","14":"wvs-archive-product-wrapper"},"_links":{"self":[{"href":"https:\/\/baldumarket.lt\/lt\/wp-json\/wp\/v2\/product\/142263","targetHints":{"allow":["GET"]}}],"collection":[{"href":"https:\/\/baldumarket.lt\/lt\/wp-json\/wp\/v2\/product"}],"about":[{"href":"https:\/\/baldumarket.lt\/lt\/wp-json\/wp\/v2\/types\/product"}],"replies":[{"embeddable":true,"href":"https:\/\/baldumarket.lt\/lt\/wp-json\/wp\/v2\/comments?post=142263"}],"wp:featuredmedia":[{"embeddable":true,"href":"https:\/\/baldumarket.lt\/lt\/wp-json\/wp\/v2\/media\/142301"}],"wp:attachment":[{"href":"https:\/\/baldumarket.lt\/lt\/wp-json\/wp\/v2\/media?parent=142263"}],"wp:term":[{"taxonomy":"product_brand","embeddable":true,"href":"https:\/\/baldumarket.lt\/lt\/wp-json\/wp\/v2\/product_brand?post=142263"},{"taxonomy":"product_cat","embeddable":true,"href":"https:\/\/baldumarket.lt\/lt\/wp-json\/wp\/v2\/product_cat?post=142263"},{"taxonomy":"product_tag","embeddable":true,"href":"https:\/\/baldumarket.lt\/lt\/wp-json\/wp\/v2\/product_tag?post=142263"}],"curies":[{"name":"wp","href":"https:\/\/api.w.org\/{rel}","templated":true}]}}