{"id":142251,"date":"2025-12-14T01:33:56","date_gmt":"2025-12-13T22:33:56","guid":{"rendered":"https:\/\/baldumarket.lt\/?post_type=product&#038;p=142251"},"modified":"2026-04-12T10:54:49","modified_gmt":"2026-04-12T07:54:49","slug":"fotel-jupiter-skora","status":"publish","type":"product","link":"https:\/\/baldumarket.lt\/lt\/product\/fotel-jupiter-skora\/","title":{"rendered":"JUPITER odinis fotelis"},"content":{"rendered":"<p>D\u0117l savo formos \u201eJupiter\u201c fotelis yra vienas patogiausi\u0173 svetain\u0117s bald\u0173, puikiai dera tiek su moderniu, tiek su klasikiniu stiliumi. Jis ypa\u010d tinka vidutinio dyd\u017eio interjerams. Specifikacijos: - \u201eBonnell\u201c spyruokl\u0117s, - Didelio elastingumo putplastis, - Galima \u012fsigyti kampin\u0119 sof\u0105. * Baldai gaminami pagal u\u017esakym\u0105 \u2013 u\u017esakymo gamybos laikas: 3\u20136 savait\u0117s<\/p>","protected":false},"excerpt":{"rendered":"<p>D\u0117l savo formos \u201eJupiter\u201c fotelis yra vienas patogiausi\u0173 svetain\u0117s bald\u0173, puikiai dera tiek su moderniu, tiek su klasikiniu stiliumi. Jis ypa\u010d tinka vidutinio dyd\u017eio interjerams. Specifikacijos: - \u201eBonnell\u201c spyruokl\u0117s, - Didelio elastingumo putplastis, - Galima \u012fsigyti kampin\u0119 sof\u0105. * Baldai gaminami pagal u\u017esakym\u0105 \u2013 u\u017esakymo gamybos laikas: 3\u20136 savait\u0117s<\/p>","protected":false},"featured_media":142282,"comment_status":"open","ping_status":"closed","template":"","meta":[],"product_brand":[],"product_cat":[9370,634,3450],"product_tag":[],"class_list":{"0":"post-142251","1":"product","2":"type-product","3":"status-publish","4":"has-post-thumbnail","6":"product_cat-jupiter-pyka-upholstered-furniture","7":"product_cat-armchairs","8":"product_cat-meble-pyka","10":"first","11":"instock","12":"shipping-taxable","13":"purchasable","14":"product-type-variable","15":"wvs-archive-product-wrapper"},"_links":{"self":[{"href":"https:\/\/baldumarket.lt\/lt\/wp-json\/wp\/v2\/product\/142251","targetHints":{"allow":["GET"]}}],"collection":[{"href":"https:\/\/baldumarket.lt\/lt\/wp-json\/wp\/v2\/product"}],"about":[{"href":"https:\/\/baldumarket.lt\/lt\/wp-json\/wp\/v2\/types\/product"}],"replies":[{"embeddable":true,"href":"https:\/\/baldumarket.lt\/lt\/wp-json\/wp\/v2\/comments?post=142251"}],"wp:featuredmedia":[{"embeddable":true,"href":"https:\/\/baldumarket.lt\/lt\/wp-json\/wp\/v2\/media\/142282"}],"wp:attachment":[{"href":"https:\/\/baldumarket.lt\/lt\/wp-json\/wp\/v2\/media?parent=142251"}],"wp:term":[{"taxonomy":"product_brand","embeddable":true,"href":"https:\/\/baldumarket.lt\/lt\/wp-json\/wp\/v2\/product_brand?post=142251"},{"taxonomy":"product_cat","embeddable":true,"href":"https:\/\/baldumarket.lt\/lt\/wp-json\/wp\/v2\/product_cat?post=142251"},{"taxonomy":"product_tag","embeddable":true,"href":"https:\/\/baldumarket.lt\/lt\/wp-json\/wp\/v2\/product_tag?post=142251"}],"curies":[{"name":"wp","href":"https:\/\/api.w.org\/{rel}","templated":true}]}}