{"id":142242,"date":"2025-12-14T01:33:31","date_gmt":"2025-12-13T22:33:31","guid":{"rendered":"https:\/\/baldumarket.lt\/?post_type=product&#038;p=142242"},"modified":"2026-04-12T10:54:49","modified_gmt":"2026-04-12T07:54:49","slug":"fotel-galicja-skora","status":"publish","type":"product","link":"https:\/\/baldumarket.lt\/lt\/product\/fotel-galicja-skora\/","title":{"rendered":"GALICJA odinis fotelis"},"content":{"rendered":"<p>Klasikinis ir funkcionalus fotelis, tinkantis bet kokiam kambariui. Profesionalus meistri\u0161kumas u\u017etikrina komfort\u0105, o si\u016bl\u0117s papuo\u0161 j\u016bs\u0173 interjer\u0105. Specifikacijos: \u2013 Zigzago spyruokl\u0117s, \u2013 Didelio elastingumo putplastis, \u2013 Savaime surenkamas fotelis (b\u0117geliai prisukami prie s\u0117dyn\u0117s), * B\u0117geliai, pana\u0161\u016bs \u012f \u201eFinka\u201c fotelio b\u0117gelius ** Bald\u0173 gamyba pagal u\u017esakym\u0105 \u2013 u\u017esakymo laikas: 3\u20136 savait\u0117s  <\/p>","protected":false},"excerpt":{"rendered":"<p>Klasikinis ir funkcionalus fotelis, tinkantis bet kokiam kambariui. Profesionalus meistri\u0161kumas u\u017etikrina komfort\u0105, o si\u016bl\u0117s papuo\u0161 j\u016bs\u0173 interjer\u0105. Specifikacijos: \u2013 Zigzago spyruokl\u0117s, \u2013 Didelio elastingumo putplastis, \u2013 Savaime surenkamas fotelis (b\u0117geliai prisukami prie s\u0117dyn\u0117s), * B\u0117geliai, pana\u0161\u016bs \u012f \u201eFinka\u201c fotelio b\u0117gelius ** Bald\u0173 gamyba pagal u\u017esakym\u0105 \u2013 u\u017esakymo laikas 3\u20136 [\u2026]<\/p>","protected":false},"featured_media":142281,"comment_status":"open","ping_status":"closed","template":"","meta":[],"product_brand":[],"product_cat":[9369,634,3450],"product_tag":[],"class_list":{"0":"post-142242","1":"product","2":"type-product","3":"status-publish","4":"has-post-thumbnail","6":"product_cat-galicja-pyka-upholstered-furniture","7":"product_cat-armchairs","8":"product_cat-meble-pyka","10":"first","11":"instock","12":"shipping-taxable","13":"purchasable","14":"product-type-variable","15":"wvs-archive-product-wrapper"},"_links":{"self":[{"href":"https:\/\/baldumarket.lt\/lt\/wp-json\/wp\/v2\/product\/142242","targetHints":{"allow":["GET"]}}],"collection":[{"href":"https:\/\/baldumarket.lt\/lt\/wp-json\/wp\/v2\/product"}],"about":[{"href":"https:\/\/baldumarket.lt\/lt\/wp-json\/wp\/v2\/types\/product"}],"replies":[{"embeddable":true,"href":"https:\/\/baldumarket.lt\/lt\/wp-json\/wp\/v2\/comments?post=142242"}],"wp:featuredmedia":[{"embeddable":true,"href":"https:\/\/baldumarket.lt\/lt\/wp-json\/wp\/v2\/media\/142281"}],"wp:attachment":[{"href":"https:\/\/baldumarket.lt\/lt\/wp-json\/wp\/v2\/media?parent=142242"}],"wp:term":[{"taxonomy":"product_brand","embeddable":true,"href":"https:\/\/baldumarket.lt\/lt\/wp-json\/wp\/v2\/product_brand?post=142242"},{"taxonomy":"product_cat","embeddable":true,"href":"https:\/\/baldumarket.lt\/lt\/wp-json\/wp\/v2\/product_cat?post=142242"},{"taxonomy":"product_tag","embeddable":true,"href":"https:\/\/baldumarket.lt\/lt\/wp-json\/wp\/v2\/product_tag?post=142242"}],"curies":[{"name":"wp","href":"https:\/\/api.w.org\/{rel}","templated":true}]}}