{"id":142236,"date":"2025-12-14T01:33:29","date_gmt":"2025-12-13T22:33:29","guid":{"rendered":"https:\/\/baldumarket.lt\/?post_type=product&#038;p=142236"},"modified":"2026-02-03T23:37:27","modified_gmt":"2026-02-03T20:37:27","slug":"fotel-fryderyk-i-tkanina","status":"publish","type":"product","link":"https:\/\/baldumarket.lt\/lt\/product\/fotel-fryderyk-i-tkanina\/","title":{"rendered":"FRYDERYK I fotelis, audinys"},"content":{"rendered":"<p>Eleganti\u0161kas \u201eFryderyk I\u201c fotelis su kruop\u0161\u010diai susi\u016btomis si\u016bl\u0117mis ir \u0105\u017euoliniu r\u0117mu puikiai papildys bet kok\u012f stiling\u0105 interjer\u0105. Nepriekai\u0161tinga meistri\u0161kumo kokyb\u0117 ir subtili forma suteikia jam i\u0161ties unikalumo. Specifikacijos: \u2013 \u201eBonnell\u201c spyruokl\u0117s, \u2013 Didelio elastingumo putplastis, \u2013 Medinis r\u0117mas, \u2013 Galima pasirinkti kampin\u0119 sof\u0105. * Bald\u0173 gamyba pagal u\u017esakym\u0105 \u2013 gamybos laikas: 3\u20136 savait\u0117s<\/p>","protected":false},"excerpt":{"rendered":"<p>Eleganti\u0161kas \u201eFryderyk I\u201c fotelis su kruop\u0161\u010diai susi\u016btomis si\u016bl\u0117mis ir \u0105\u017euoliniu r\u0117mu puikiai papildys bet kok\u012f stiling\u0105 interjer\u0105. Nepriekai\u0161tinga meistri\u0161kumo kokyb\u0117 ir subtili forma suteikia jam i\u0161ties unikalumo. Specifikacijos: \u2013 \u201eBonnell\u201c spyruokl\u0117s, \u2013 Didelio elastingumo putplastis, \u2013 Medinis r\u0117mas, \u2013 Galima pasirinkti kampin\u0119 sof\u0105. * Bald\u0173 gamyba pagal u\u017esakym\u0105 \u2013 gamybos laikas: 3\u20136 savait\u0117s<\/p>","protected":false},"featured_media":142267,"comment_status":"open","ping_status":"closed","template":"","meta":[],"product_brand":[],"product_cat":[634,3450],"product_tag":[],"class_list":{"0":"post-142236","1":"product","2":"type-product","3":"status-publish","4":"has-post-thumbnail","6":"product_cat-armchairs","7":"product_cat-meble-pyka","9":"first","10":"instock","11":"shipping-taxable","12":"purchasable","13":"product-type-variable","14":"wvs-archive-product-wrapper"},"_links":{"self":[{"href":"https:\/\/baldumarket.lt\/lt\/wp-json\/wp\/v2\/product\/142236","targetHints":{"allow":["GET"]}}],"collection":[{"href":"https:\/\/baldumarket.lt\/lt\/wp-json\/wp\/v2\/product"}],"about":[{"href":"https:\/\/baldumarket.lt\/lt\/wp-json\/wp\/v2\/types\/product"}],"replies":[{"embeddable":true,"href":"https:\/\/baldumarket.lt\/lt\/wp-json\/wp\/v2\/comments?post=142236"}],"wp:featuredmedia":[{"embeddable":true,"href":"https:\/\/baldumarket.lt\/lt\/wp-json\/wp\/v2\/media\/142267"}],"wp:attachment":[{"href":"https:\/\/baldumarket.lt\/lt\/wp-json\/wp\/v2\/media?parent=142236"}],"wp:term":[{"taxonomy":"product_brand","embeddable":true,"href":"https:\/\/baldumarket.lt\/lt\/wp-json\/wp\/v2\/product_brand?post=142236"},{"taxonomy":"product_cat","embeddable":true,"href":"https:\/\/baldumarket.lt\/lt\/wp-json\/wp\/v2\/product_cat?post=142236"},{"taxonomy":"product_tag","embeddable":true,"href":"https:\/\/baldumarket.lt\/lt\/wp-json\/wp\/v2\/product_tag?post=142236"}],"curies":[{"name":"wp","href":"https:\/\/api.w.org\/{rel}","templated":true}]}}