{"id":142225,"date":"2025-12-14T01:33:00","date_gmt":"2025-12-13T22:33:00","guid":{"rendered":"https:\/\/baldumarket.lt\/?post_type=product&#038;p=142225"},"modified":"2026-04-12T10:54:49","modified_gmt":"2026-04-12T07:54:49","slug":"fotel-finka-skora","status":"publish","type":"product","link":"https:\/\/baldumarket.lt\/lt\/product\/fotel-finka-skora\/","title":{"rendered":"FINKA odinis fotelis"},"content":{"rendered":"<p>Klasikinis ir funkcionalus fotelis, tinkantis bet kokiam kambariui. Profesionalus meistri\u0161kumas u\u017etikrina komfort\u0105, o si\u016bl\u0117s papuo\u0161 j\u016bs\u0173 interjer\u0105. Specifikacijos: \u2013 Zigzago spyruokl\u0117s, \u2013 Didelio elastingumo putplastis, \u2013 Savaime surenkamas fotelis (b\u0117geliai sujungiami su s\u0117dyne), **baldai gaminami pagal u\u017esakym\u0105 \u2013 u\u017esakymo laikas: 3\u20136 savait\u0117s  <\/p>","protected":false},"excerpt":{"rendered":"<p>Klasikinis ir funkcionalus fotelis, tinkantis bet kokiam kambariui. Profesionalus meistri\u0161kumas u\u017etikrina komfort\u0105, o si\u016bl\u0117s papuo\u0161 j\u016bs\u0173 interjer\u0105. Specifikacijos: \u2013 Zigzago spyruokl\u0117s, \u2013 Didelio elastingumo putplastis, \u2013 Savaime surenkamas fotelis (b\u0117geliai sujungiami su s\u0117dyne), **baldai gaminami pagal u\u017esakym\u0105 \u2013 u\u017esakymo laikas: 3\u20136 savait\u0117s<\/p>","protected":false},"featured_media":142265,"comment_status":"open","ping_status":"closed","template":"","meta":[],"product_brand":[],"product_cat":[9367,634,3450],"product_tag":[],"class_list":{"0":"post-142225","1":"product","2":"type-product","3":"status-publish","4":"has-post-thumbnail","6":"product_cat-upholstered-furniture-finka-pyka","7":"product_cat-armchairs","8":"product_cat-meble-pyka","10":"first","11":"instock","12":"shipping-taxable","13":"purchasable","14":"product-type-variable","15":"wvs-archive-product-wrapper"},"_links":{"self":[{"href":"https:\/\/baldumarket.lt\/lt\/wp-json\/wp\/v2\/product\/142225","targetHints":{"allow":["GET"]}}],"collection":[{"href":"https:\/\/baldumarket.lt\/lt\/wp-json\/wp\/v2\/product"}],"about":[{"href":"https:\/\/baldumarket.lt\/lt\/wp-json\/wp\/v2\/types\/product"}],"replies":[{"embeddable":true,"href":"https:\/\/baldumarket.lt\/lt\/wp-json\/wp\/v2\/comments?post=142225"}],"wp:featuredmedia":[{"embeddable":true,"href":"https:\/\/baldumarket.lt\/lt\/wp-json\/wp\/v2\/media\/142265"}],"wp:attachment":[{"href":"https:\/\/baldumarket.lt\/lt\/wp-json\/wp\/v2\/media?parent=142225"}],"wp:term":[{"taxonomy":"product_brand","embeddable":true,"href":"https:\/\/baldumarket.lt\/lt\/wp-json\/wp\/v2\/product_brand?post=142225"},{"taxonomy":"product_cat","embeddable":true,"href":"https:\/\/baldumarket.lt\/lt\/wp-json\/wp\/v2\/product_cat?post=142225"},{"taxonomy":"product_tag","embeddable":true,"href":"https:\/\/baldumarket.lt\/lt\/wp-json\/wp\/v2\/product_tag?post=142225"}],"curies":[{"name":"wp","href":"https:\/\/api.w.org\/{rel}","templated":true}]}}