{"id":142221,"date":"2025-12-14T01:32:58","date_gmt":"2025-12-13T22:32:58","guid":{"rendered":"https:\/\/baldumarket.lt\/?post_type=product&#038;p=142221"},"modified":"2026-04-08T15:57:51","modified_gmt":"2026-04-08T12:57:51","slug":"fotel-everest-skora","status":"publish","type":"product","link":"https:\/\/baldumarket.lt\/lt\/product\/fotel-everest-skora\/","title":{"rendered":"EVEREST odinis fotelis"},"content":{"rendered":"<p>\u201eEverest\u201c fotelis \u2013 svajoni\u0173 baldas modernaus stiliaus m\u0117g\u0117jams. Jame dera estetika ir funkcionalumas. Reguliuojamos galvos atramos suteikia papildom\u0105 prana\u0161um\u0105. Specifikacijos: \u2013 Zigzago spyruokl\u0117s, \u2013 Didelio elastingumo putplastis, \u2013 Galima kampin\u0117s sofos parinktis, \u2013 Galimos si\u016bl\u0117s, \u2013 Reguliuojamos galvos atramos, \u2013 Medin\u0117s kojel\u0117s. * Baldai gaminami pagal u\u017esakym\u0105 \u2013 u\u017esakymo gamybos laikas \u2013 3\u20136 savait\u0117s.<\/p>","protected":false},"excerpt":{"rendered":"<p>\u201eEverest\u201c fotelis \u2013 svajoni\u0173 baldas modernaus stiliaus m\u0117g\u0117jams. Jis derina estetik\u0105 ir funkcionalum\u0105. Reguliuojamos galvos atramos suteikia papildom\u0105 prana\u0161um\u0105. Specifikacijos: \u2013 Zigzago spyruokl\u0117s, \u2013 Didelio elastingumo putplastis, \u2013 Galima kampin\u0117s sofos parinktis, \u2013 Galimos si\u016bl\u0117s, \u2013 Reguliuojamos galvos atramos, \u2013 Medin\u0117s kojel\u0117s. * Baldai gaminami pagal u\u017esakym\u0105 \u2013 u\u017esakymo gamybos laikas yra nuo 3 iki [\u2026]<\/p>","protected":false},"featured_media":142249,"comment_status":"open","ping_status":"closed","template":"","meta":[],"product_brand":[],"product_cat":[9366,634,3450],"product_tag":[],"class_list":{"0":"post-142221","1":"product","2":"type-product","3":"status-publish","4":"has-post-thumbnail","6":"product_cat-everest-pyka-upholstered-furniture","7":"product_cat-armchairs","8":"product_cat-meble-pyka","10":"first","11":"instock","12":"shipping-taxable","13":"purchasable","14":"product-type-variable","15":"wvs-archive-product-wrapper"},"_links":{"self":[{"href":"https:\/\/baldumarket.lt\/lt\/wp-json\/wp\/v2\/product\/142221","targetHints":{"allow":["GET"]}}],"collection":[{"href":"https:\/\/baldumarket.lt\/lt\/wp-json\/wp\/v2\/product"}],"about":[{"href":"https:\/\/baldumarket.lt\/lt\/wp-json\/wp\/v2\/types\/product"}],"replies":[{"embeddable":true,"href":"https:\/\/baldumarket.lt\/lt\/wp-json\/wp\/v2\/comments?post=142221"}],"wp:featuredmedia":[{"embeddable":true,"href":"https:\/\/baldumarket.lt\/lt\/wp-json\/wp\/v2\/media\/142249"}],"wp:attachment":[{"href":"https:\/\/baldumarket.lt\/lt\/wp-json\/wp\/v2\/media?parent=142221"}],"wp:term":[{"taxonomy":"product_brand","embeddable":true,"href":"https:\/\/baldumarket.lt\/lt\/wp-json\/wp\/v2\/product_brand?post=142221"},{"taxonomy":"product_cat","embeddable":true,"href":"https:\/\/baldumarket.lt\/lt\/wp-json\/wp\/v2\/product_cat?post=142221"},{"taxonomy":"product_tag","embeddable":true,"href":"https:\/\/baldumarket.lt\/lt\/wp-json\/wp\/v2\/product_tag?post=142221"}],"curies":[{"name":"wp","href":"https:\/\/api.w.org\/{rel}","templated":true}]}}