{"id":142197,"date":"2025-12-14T01:32:29","date_gmt":"2025-12-13T22:32:29","guid":{"rendered":"https:\/\/baldumarket.lt\/?post_type=product&#038;p=142197"},"modified":"2026-02-03T23:37:28","modified_gmt":"2026-02-03T20:37:28","slug":"fotel-cezar-ii-tkanina","status":"publish","type":"product","link":"https:\/\/baldumarket.lt\/lt\/product\/fotel-cezar-ii-tkanina\/","title":{"rendered":"CEZAR II fotelis su audiniu"},"content":{"rendered":"<p>\u201eCezar II\u201c fotelis pasi\u017eymi i\u0161skirtiniu meistri\u0161kumu ir papildoma savybe: r\u0117mu, kurio \u0161onai puo\u0161ti tikra oda arba audiniu. Auk\u0161ti atlo\u0161ai suteikia visi\u0161k\u0105 stuburo atram\u0105, u\u017etikrindami komfort\u0105 ir patogum\u0105. Specifikacijos: \u2013 \u201eBonnell\u201c spyruokl\u0117s, \u2013 Didelio elastingumo putplastis, \u2013 Medinis r\u0117mas, \u2013 Galima pasirinkti kampin\u0119 sof\u0105. * Bald\u0173 gamyba pagal u\u017esakym\u0105 \u2013 gamybos laikas: 3\u20136 savait\u0117s<\/p>","protected":false},"excerpt":{"rendered":"<p>\u201eCezar II\u201c fotelis pasi\u017eymi i\u0161skirtiniu meistri\u0161kumu ir papildoma savybe: r\u0117mu, kurio \u0161onai puo\u0161ti tikra oda arba audiniu. Auk\u0161ti atlo\u0161ai suteikia visi\u0161k\u0105 stuburo atram\u0105, u\u017etikrindami komfort\u0105 ir patogum\u0105. Specifikacijos: \u2013 \u201eBonnell\u201c spyruokl\u0117s, \u2013 Didelio elastingumo putplastis, \u2013 Medinis r\u0117mas, \u2013 Galima pasirinkti kampin\u0119 sof\u0105. * Bald\u0173 gamyba pagal u\u017esakym\u0105 \u2013 gamybos laikas 3\u20136 [\u2026]<\/p>","protected":false},"featured_media":142228,"comment_status":"open","ping_status":"closed","template":"","meta":[],"product_brand":[],"product_cat":[9356,634,3450],"product_tag":[],"class_list":{"0":"post-142197","1":"product","2":"type-product","3":"status-publish","4":"has-post-thumbnail","6":"product_cat-upholstered-furniture-cezar-pyka","7":"product_cat-armchairs","8":"product_cat-meble-pyka","10":"first","11":"instock","12":"shipping-taxable","13":"purchasable","14":"product-type-variable","15":"wvs-archive-product-wrapper"},"_links":{"self":[{"href":"https:\/\/baldumarket.lt\/lt\/wp-json\/wp\/v2\/product\/142197","targetHints":{"allow":["GET"]}}],"collection":[{"href":"https:\/\/baldumarket.lt\/lt\/wp-json\/wp\/v2\/product"}],"about":[{"href":"https:\/\/baldumarket.lt\/lt\/wp-json\/wp\/v2\/types\/product"}],"replies":[{"embeddable":true,"href":"https:\/\/baldumarket.lt\/lt\/wp-json\/wp\/v2\/comments?post=142197"}],"wp:featuredmedia":[{"embeddable":true,"href":"https:\/\/baldumarket.lt\/lt\/wp-json\/wp\/v2\/media\/142228"}],"wp:attachment":[{"href":"https:\/\/baldumarket.lt\/lt\/wp-json\/wp\/v2\/media?parent=142197"}],"wp:term":[{"taxonomy":"product_brand","embeddable":true,"href":"https:\/\/baldumarket.lt\/lt\/wp-json\/wp\/v2\/product_brand?post=142197"},{"taxonomy":"product_cat","embeddable":true,"href":"https:\/\/baldumarket.lt\/lt\/wp-json\/wp\/v2\/product_cat?post=142197"},{"taxonomy":"product_tag","embeddable":true,"href":"https:\/\/baldumarket.lt\/lt\/wp-json\/wp\/v2\/product_tag?post=142197"}],"curies":[{"name":"wp","href":"https:\/\/api.w.org\/{rel}","templated":true}]}}