{"id":142159,"date":"2025-12-14T01:31:33","date_gmt":"2025-12-13T22:31:33","guid":{"rendered":"https:\/\/baldumarket.lt\/?post_type=product&#038;p=142159"},"modified":"2026-04-07T16:22:50","modified_gmt":"2026-04-07T13:22:50","slug":"fotel-alex-tkanina","status":"publish","type":"product","link":"https:\/\/baldumarket.lt\/lt\/product\/fotel-alex-tkanina\/","title":{"rendered":"ALEX audinio fotelis"},"content":{"rendered":"<p>Auk\u0161\u010diausios kokyb\u0117s, modernus \u201eAlex\u201c fotelis sujungia kokyb\u0119 ir komfort\u0105. Jis turi patogi\u0105 atsipalaidavimo funkcij\u0105, puikiai tinkan\u010di\u0105 atsipalaiduoti po ilgos dienos. Specifikacijos: \u2013 Atsipalaidavimo, sukimosi ir supimo funkcijos, \u2013 \u201eBonnell\u201c spyruokl\u0117s, \u2013 Silikoniniai karoliukai, \u2013 Didelio elastingumo putplastis. * baldai gaminami pagal u\u017esakym\u0105 \u2013 u\u017esakymo gamybos laikas: 3\u20136 savait\u0117s<\/p>","protected":false},"excerpt":{"rendered":"<p>Auk\u0161\u010diausios kokyb\u0117s, modernus \u201eAlex\u201c fotelis sujungia kokyb\u0119 ir komfort\u0105. Jis turi patogi\u0105 atsipalaidavimo funkcij\u0105, puikiai tinkan\u010di\u0105 atsipalaiduoti po ilgos dienos. Specifikacijos: \u2013 Atsipalaidavimo, sukimosi ir supimo funkcijos, \u2013 \u201eBonnell\u201c spyruokl\u0117s, \u2013 Silikoniniai karoliukai, \u2013 Didelio elastingumo putplastis. * baldai gaminami pagal u\u017esakym\u0105 \u2013 u\u017esakymo gamybos laikas: 3\u20136 savait\u0117s<\/p>","protected":false},"featured_media":142192,"comment_status":"open","ping_status":"closed","template":"","meta":[],"product_brand":[],"product_cat":[9360,634,3450],"product_tag":[],"class_list":{"0":"post-142159","1":"product","2":"type-product","3":"status-publish","4":"has-post-thumbnail","6":"product_cat-alex-pyka-upholstered-furniture","7":"product_cat-armchairs","8":"product_cat-meble-pyka","10":"first","11":"instock","12":"shipping-taxable","13":"purchasable","14":"product-type-variable","15":"wvs-archive-product-wrapper"},"_links":{"self":[{"href":"https:\/\/baldumarket.lt\/lt\/wp-json\/wp\/v2\/product\/142159","targetHints":{"allow":["GET"]}}],"collection":[{"href":"https:\/\/baldumarket.lt\/lt\/wp-json\/wp\/v2\/product"}],"about":[{"href":"https:\/\/baldumarket.lt\/lt\/wp-json\/wp\/v2\/types\/product"}],"replies":[{"embeddable":true,"href":"https:\/\/baldumarket.lt\/lt\/wp-json\/wp\/v2\/comments?post=142159"}],"wp:featuredmedia":[{"embeddable":true,"href":"https:\/\/baldumarket.lt\/lt\/wp-json\/wp\/v2\/media\/142192"}],"wp:attachment":[{"href":"https:\/\/baldumarket.lt\/lt\/wp-json\/wp\/v2\/media?parent=142159"}],"wp:term":[{"taxonomy":"product_brand","embeddable":true,"href":"https:\/\/baldumarket.lt\/lt\/wp-json\/wp\/v2\/product_brand?post=142159"},{"taxonomy":"product_cat","embeddable":true,"href":"https:\/\/baldumarket.lt\/lt\/wp-json\/wp\/v2\/product_cat?post=142159"},{"taxonomy":"product_tag","embeddable":true,"href":"https:\/\/baldumarket.lt\/lt\/wp-json\/wp\/v2\/product_tag?post=142159"}],"curies":[{"name":"wp","href":"https:\/\/api.w.org\/{rel}","templated":true}]}}