{"id":142139,"date":"2025-12-14T01:31:27","date_gmt":"2025-12-13T22:31:27","guid":{"rendered":"https:\/\/baldumarket.lt\/?post_type=product&#038;p=142139"},"modified":"2026-02-03T23:37:30","modified_gmt":"2026-02-03T20:37:30","slug":"biurko-matin","status":"publish","type":"product","link":"https:\/\/baldumarket.lt\/lt\/product\/biurko-matin\/","title":{"rendered":"MATIN stalas"},"content":{"rendered":"<p>\u201eMatin\u201c ra\u0161omasis stalas puikiai papildys lofto stiliaus kambarius. Unikalus nat\u016bralaus luk\u0161to ir metalo derinys garantuoja patvarum\u0105 ir unikal\u0173 dizain\u0105 ilgus metus. Du erdv\u016bs stal\u010diai suteikia papildomo funkcionalumo. Specifikacijos: - Nat\u016bralus \u0105\u017euolo luk\u0161tas \u2013 alyvuotas, - Stal\u010diai su \u0161velniu u\u017edarymu, - Metalin\u0117s rankenos ir kojel\u0117s.<\/p>","protected":false},"excerpt":{"rendered":"<p>\u201eMatin\u201c ra\u0161omasis stalas puikiai papildys lofto stiliaus kambarius. Unikalus nat\u016bralaus luk\u0161to ir metalo derinys garantuoja patvarum\u0105 ir unikal\u0173 dizain\u0105 ilgus metus. Du erdv\u016bs stal\u010diai suteikia papildomo funkcionalumo. Specifikacijos: - Nat\u016bralus \u0105\u017euolo luk\u0161tas \u2013 alyvuotas, - Stal\u010diai su \u0161velniu u\u017edarymu, - Metalin\u0117s rankenos ir kojel\u0117s.<\/p>","protected":false},"featured_media":142165,"comment_status":"open","ping_status":"closed","template":"","meta":[],"product_brand":[],"product_cat":[1312,3450],"product_tag":[],"class_list":{"0":"post-142139","1":"product","2":"type-product","3":"status-publish","4":"has-post-thumbnail","6":"product_cat-desks","7":"product_cat-meble-pyka","9":"first","10":"instock","11":"shipping-taxable","12":"purchasable","13":"product-type-variable","14":"wvs-archive-product-wrapper"},"_links":{"self":[{"href":"https:\/\/baldumarket.lt\/lt\/wp-json\/wp\/v2\/product\/142139","targetHints":{"allow":["GET"]}}],"collection":[{"href":"https:\/\/baldumarket.lt\/lt\/wp-json\/wp\/v2\/product"}],"about":[{"href":"https:\/\/baldumarket.lt\/lt\/wp-json\/wp\/v2\/types\/product"}],"replies":[{"embeddable":true,"href":"https:\/\/baldumarket.lt\/lt\/wp-json\/wp\/v2\/comments?post=142139"}],"wp:featuredmedia":[{"embeddable":true,"href":"https:\/\/baldumarket.lt\/lt\/wp-json\/wp\/v2\/media\/142165"}],"wp:attachment":[{"href":"https:\/\/baldumarket.lt\/lt\/wp-json\/wp\/v2\/media?parent=142139"}],"wp:term":[{"taxonomy":"product_brand","embeddable":true,"href":"https:\/\/baldumarket.lt\/lt\/wp-json\/wp\/v2\/product_brand?post=142139"},{"taxonomy":"product_cat","embeddable":true,"href":"https:\/\/baldumarket.lt\/lt\/wp-json\/wp\/v2\/product_cat?post=142139"},{"taxonomy":"product_tag","embeddable":true,"href":"https:\/\/baldumarket.lt\/lt\/wp-json\/wp\/v2\/product_tag?post=142139"}],"curies":[{"name":"wp","href":"https:\/\/api.w.org\/{rel}","templated":true}]}}