{"id":13448,"date":"2025-11-14T07:31:04","date_gmt":"2025-11-14T04:31:04","guid":{"rendered":"https:\/\/baldumarket.lt\/product\/fresia\/"},"modified":"2026-03-29T12:44:59","modified_gmt":"2026-03-29T09:44:59","slug":"fresia","status":"publish","type":"product","link":"https:\/\/baldumarket.lt\/lt\/product\/fresia\/","title":{"rendered":"Fresija"},"content":{"rendered":"<p>\u201eFresia\u201c kampin\u0117 sofa \u2013 tai L formos baldas, kuris atrodo nuostabiai ir skirtas maloniam poilsiui. Be estetinio patrauklumo, ji taip pat yra labai funkcionali ir patogi, turinti tris reguliuojamas galvos atramas. \u201eFresia\u201c yra 247 cm plo\u010dio, 176 cm gylio ir 104 cm auk\u0161\u010dio. 5,5 cm ilgio medin\u0117s ir chromuotos \u201eFresia\u201c kojel\u0117s yra gra\u017eus papildymas ir sustiprina eleganti\u0161k\u0105 baldo i\u0161vaizd\u0105. Dar vienas kampin\u0117s sofos privalumas \u2013 patalyn\u0117s laikymo vieta, leid\u017eianti palaikyti tvark\u0105 svetain\u0117je ar sve\u010di\u0173 kambaryje. I\u0161lankstymo funkcija taip pat leid\u017eia permiegoti ant 204 \u00d7 126 cm lovos \u2013 puikus pasirinkimas netik\u0117tiems sve\u010diams. Kampin\u0117s sofos atidarymo mechanizmas yra labai populiarus ir patogus delfino tipo. Ry\u0161kus \u201eBalduMarket\u201c kolekcijos apmu\u0161alas suteikia baldui charakterio ir stiliaus. Pasirinkime yra tiek klasikini\u0173, tiek unikalesni\u0173 spalv\u0173. D\u0117l T30 put\u0173 u\u017epildo kampin\u0117 sofa suteikia stabili\u0105 atram\u0105 ir patog\u0173 poils\u012f. Kitas esminis mink\u0161t\u0173 bald\u0173 elementas \u2013 spyruokl\u0117s. \u201eFresia\u201c kampin\u0117je sofoje naudojama B tipo banguota spyruokl\u0117, tod\u0117l s\u0117dyn\u0117 yra lankstesn\u0117 ir i\u0161lenkta, tod\u0117l itin patogi.<\/p>","protected":false},"excerpt":{"rendered":"<p>\u201eFresia\u201c kampin\u0117 sofa \u2013 tai L formos baldas, kuris atrodo nuostabiai ir skirtas maloniam poilsiui. Be estetinio patrauklumo, ji taip pat yra labai funkcionali ir patogi, turinti tris reguliuojamas galvos atramas. \u201eFresia\u201c yra 247 cm plo\u010dio, 176 cm gylio ir 104 cm auk\u0161\u010dio. 5,5 cm ilgio medin\u0117s ir chromuotos \u201eFresia\u201c kojel\u0117s yra [\u2026]<\/p>","protected":false},"featured_media":13449,"comment_status":"open","ping_status":"open","template":"","meta":[],"product_brand":[],"product_cat":[616,1983,2012,9166],"product_tag":[],"class_list":{"0":"post-13448","1":"product","2":"type-product","3":"status-publish","4":"has-post-thumbnail","6":"product_cat-corners","7":"product_cat-corners-l","8":"product_cat-eltap","9":"product_cat-narozniki-eltap","11":"first","12":"instock","13":"purchasable","14":"product-type-variable","15":"wvs-archive-product-wrapper"},"_links":{"self":[{"href":"https:\/\/baldumarket.lt\/lt\/wp-json\/wp\/v2\/product\/13448","targetHints":{"allow":["GET"]}}],"collection":[{"href":"https:\/\/baldumarket.lt\/lt\/wp-json\/wp\/v2\/product"}],"about":[{"href":"https:\/\/baldumarket.lt\/lt\/wp-json\/wp\/v2\/types\/product"}],"replies":[{"embeddable":true,"href":"https:\/\/baldumarket.lt\/lt\/wp-json\/wp\/v2\/comments?post=13448"}],"wp:featuredmedia":[{"embeddable":true,"href":"https:\/\/baldumarket.lt\/lt\/wp-json\/wp\/v2\/media\/13449"}],"wp:attachment":[{"href":"https:\/\/baldumarket.lt\/lt\/wp-json\/wp\/v2\/media?parent=13448"}],"wp:term":[{"taxonomy":"product_brand","embeddable":true,"href":"https:\/\/baldumarket.lt\/lt\/wp-json\/wp\/v2\/product_brand?post=13448"},{"taxonomy":"product_cat","embeddable":true,"href":"https:\/\/baldumarket.lt\/lt\/wp-json\/wp\/v2\/product_cat?post=13448"},{"taxonomy":"product_tag","embeddable":true,"href":"https:\/\/baldumarket.lt\/lt\/wp-json\/wp\/v2\/product_tag?post=13448"}],"curies":[{"name":"wp","href":"https:\/\/api.w.org\/{rel}","templated":true}]}}