{"id":12666,"date":"2025-11-14T07:06:09","date_gmt":"2025-11-14T04:06:09","guid":{"rendered":"https:\/\/baldumarket.lt\/product\/clar\/"},"modified":"2026-03-24T18:28:18","modified_gmt":"2026-03-24T15:28:18","slug":"clar","status":"publish","type":"product","link":"https:\/\/baldumarket.lt\/lt\/product\/clar\/","title":{"rendered":"Clar"},"content":{"rendered":"<p>\u201eClar 2-in-1\u201c kavos staliukas, kurio matmenys \u2013 75\/75\/42 cm (pagrindinis stalvir\u0161is) ir 65\/65\/36 cm (papildomas stalvir\u0161is), yra eleganti\u0161kas ir funkcionalus baldas, kuris puikiai dera prie \u012fvairi\u0173 interjer\u0173. Tvirtas 18 mm storio stalvir\u0161is suteikia stabil\u0173 pavir\u0161i\u0173 g\u0117rimams ir kitiems daiktams, o metalin\u0117s kojel\u0117s suteikia modernumo ir patvarumo. Ma\u017eesnis stalvir\u0161is gali b\u016bti naudojamas kaip \u0161oninis staliukas arba stovas, tod\u0117l \u0161is kavos staliukas yra ne tik prakti\u0161kas, bet ir stilingas svetain\u0117s ar darbo kambario papildymas.<\/p>","protected":false},"excerpt":{"rendered":"<p>\u201eClar 2-in-1\u201c kavos staliukas, kurio matmenys \u2013 75\/75\/42 cm (pagrindinis stalvir\u0161is) ir 65\/65\/36 cm (papildomas stalvir\u0161is), yra eleganti\u0161kas ir funkcionalus baldas, kuris skland\u017eiai dera prie \u012fvairi\u0173 interjer\u0173. Jo tvirtas 18 mm storio stalvir\u0161is suteikia stabil\u0173 pavir\u0161i\u0173 g\u0117rimams ir kitiems daiktams, o metalin\u0117s kojel\u0117s suteikia modernumo ir patvarumo. [\u2026]<\/p>","protected":false},"featured_media":12667,"comment_status":"open","ping_status":"open","template":"","meta":[],"product_brand":[],"product_cat":[866,2012,9176],"product_tag":[],"class_list":{"0":"post-12666","1":"product","2":"type-product","3":"status-publish","4":"has-post-thumbnail","6":"product_cat-coffee-tables","7":"product_cat-eltap","8":"product_cat-coffee-tables-eltap","10":"first","11":"instock","12":"purchasable","13":"product-type-simple"},"_links":{"self":[{"href":"https:\/\/baldumarket.lt\/lt\/wp-json\/wp\/v2\/product\/12666","targetHints":{"allow":["GET"]}}],"collection":[{"href":"https:\/\/baldumarket.lt\/lt\/wp-json\/wp\/v2\/product"}],"about":[{"href":"https:\/\/baldumarket.lt\/lt\/wp-json\/wp\/v2\/types\/product"}],"replies":[{"embeddable":true,"href":"https:\/\/baldumarket.lt\/lt\/wp-json\/wp\/v2\/comments?post=12666"}],"wp:featuredmedia":[{"embeddable":true,"href":"https:\/\/baldumarket.lt\/lt\/wp-json\/wp\/v2\/media\/12667"}],"wp:attachment":[{"href":"https:\/\/baldumarket.lt\/lt\/wp-json\/wp\/v2\/media?parent=12666"}],"wp:term":[{"taxonomy":"product_brand","embeddable":true,"href":"https:\/\/baldumarket.lt\/lt\/wp-json\/wp\/v2\/product_brand?post=12666"},{"taxonomy":"product_cat","embeddable":true,"href":"https:\/\/baldumarket.lt\/lt\/wp-json\/wp\/v2\/product_cat?post=12666"},{"taxonomy":"product_tag","embeddable":true,"href":"https:\/\/baldumarket.lt\/lt\/wp-json\/wp\/v2\/product_tag?post=12666"}],"curies":[{"name":"wp","href":"https:\/\/api.w.org\/{rel}","templated":true}]}}