{"id":124543,"date":"2025-12-10T23:25:23","date_gmt":"2025-12-10T20:25:23","guid":{"rendered":"https:\/\/baldumarket.lt\/product\/szafka-mago-s1-magos1\/"},"modified":"2026-02-11T01:38:48","modified_gmt":"2026-02-10T22:38:48","slug":"szafka-mago-s1-magos1","status":"publish","type":"product","link":"https:\/\/baldumarket.lt\/lt\/product\/szafka-mago-s1-magos1\/","title":{"rendered":"Mago S1 MAGOS1 spintel\u0117"},"content":{"rendered":"<p>Kavos staliukas, stalvir\u0161is: laminuota plok\u0161t\u0117, r\u0117mas: metalas, spalva: \u0105\u017euolas + matin\u0117 juoda \/ juoda. Kojos auk\u0161tis 32 cm.<\/p>","protected":false},"excerpt":{"rendered":"<p>Kavos staliukas, stalvir\u0161is: laminuota plok\u0161t\u0117, r\u0117mas: metalas, spalva: \u0105\u017euolas + matin\u0117 juoda \/ juoda. Kojos auk\u0161tis 32 cm.<\/p>","protected":false},"featured_media":124544,"comment_status":"open","ping_status":"open","template":"","meta":[],"product_brand":[],"product_cat":[9120,5573],"product_tag":[],"class_list":{"0":"post-124543","1":"product","2":"type-product","3":"status-publish","4":"has-post-thumbnail","6":"product_cat-cabinets","7":"product_cat-mebin","9":"first","10":"instock","11":"product-type-simple"},"_links":{"self":[{"href":"https:\/\/baldumarket.lt\/lt\/wp-json\/wp\/v2\/product\/124543","targetHints":{"allow":["GET"]}}],"collection":[{"href":"https:\/\/baldumarket.lt\/lt\/wp-json\/wp\/v2\/product"}],"about":[{"href":"https:\/\/baldumarket.lt\/lt\/wp-json\/wp\/v2\/types\/product"}],"replies":[{"embeddable":true,"href":"https:\/\/baldumarket.lt\/lt\/wp-json\/wp\/v2\/comments?post=124543"}],"wp:featuredmedia":[{"embeddable":true,"href":"https:\/\/baldumarket.lt\/lt\/wp-json\/wp\/v2\/media\/124544"}],"wp:attachment":[{"href":"https:\/\/baldumarket.lt\/lt\/wp-json\/wp\/v2\/media?parent=124543"}],"wp:term":[{"taxonomy":"product_brand","embeddable":true,"href":"https:\/\/baldumarket.lt\/lt\/wp-json\/wp\/v2\/product_brand?post=124543"},{"taxonomy":"product_cat","embeddable":true,"href":"https:\/\/baldumarket.lt\/lt\/wp-json\/wp\/v2\/product_cat?post=124543"},{"taxonomy":"product_tag","embeddable":true,"href":"https:\/\/baldumarket.lt\/lt\/wp-json\/wp\/v2\/product_tag?post=124543"}],"curies":[{"name":"wp","href":"https:\/\/api.w.org\/{rel}","templated":true}]}}