{"id":124540,"date":"2025-12-10T23:25:19","date_gmt":"2025-12-10T20:25:19","guid":{"rendered":"https:\/\/baldumarket.lt\/product\/szafka-geo-s-geosdc\/"},"modified":"2026-02-11T01:38:48","modified_gmt":"2026-02-10T22:38:48","slug":"szafka-geo-s-geosdc","status":"publish","type":"product","link":"https:\/\/baldumarket.lt\/lt\/product\/szafka-geo-s-geosdc\/","title":{"rendered":"Geo S GEOSDC spintel\u0117"},"content":{"rendered":"<p>Spintel\u0117 su stal\u010diumi, laminuota plok\u0161t\u0117, r\u0117mas: metalas, spalva: \u0105\u017euolas \/ matin\u0117 juoda. Kolekcij\u0105 sudaro knyg\u0173 lentyna ir komodos. Kojeli\u0173 auk\u0161tis \u2013 10 cm, stal\u010diaus auk\u0161tis 18,5 cm, lentynos auk\u0161tis 26 cm. Stal\u010dius ant b\u0117geli\u0173 su \u201cPush To Open\u201d sistema.<\/p>","protected":false},"excerpt":{"rendered":"<p>Spintel\u0117 su stal\u010diumi, laminuota plok\u0161t\u0117, r\u0117mas: metalas, spalva: \u0105\u017euolas \/ matin\u0117 juoda. Kolekcij\u0105 sudaro knyg\u0173 lentyna ir komodos. Kojeli\u0173 auk\u0161tis \u2013 10 cm, stal\u010diaus auk\u0161tis 18,5 cm, lentynos auk\u0161tis 26 cm. Stal\u010dius ant b\u0117geli\u0173 su \u201cPush To Open\u201d sistema.<\/p>","protected":false},"featured_media":124541,"comment_status":"open","ping_status":"open","template":"","meta":[],"product_brand":[],"product_cat":[9120,5573],"product_tag":[],"class_list":{"0":"post-124540","1":"product","2":"type-product","3":"status-publish","4":"has-post-thumbnail","6":"product_cat-cabinets","7":"product_cat-mebin","9":"first","10":"instock","11":"product-type-simple"},"_links":{"self":[{"href":"https:\/\/baldumarket.lt\/lt\/wp-json\/wp\/v2\/product\/124540","targetHints":{"allow":["GET"]}}],"collection":[{"href":"https:\/\/baldumarket.lt\/lt\/wp-json\/wp\/v2\/product"}],"about":[{"href":"https:\/\/baldumarket.lt\/lt\/wp-json\/wp\/v2\/types\/product"}],"replies":[{"embeddable":true,"href":"https:\/\/baldumarket.lt\/lt\/wp-json\/wp\/v2\/comments?post=124540"}],"wp:featuredmedia":[{"embeddable":true,"href":"https:\/\/baldumarket.lt\/lt\/wp-json\/wp\/v2\/media\/124541"}],"wp:attachment":[{"href":"https:\/\/baldumarket.lt\/lt\/wp-json\/wp\/v2\/media?parent=124540"}],"wp:term":[{"taxonomy":"product_brand","embeddable":true,"href":"https:\/\/baldumarket.lt\/lt\/wp-json\/wp\/v2\/product_brand?post=124540"},{"taxonomy":"product_cat","embeddable":true,"href":"https:\/\/baldumarket.lt\/lt\/wp-json\/wp\/v2\/product_cat?post=124540"},{"taxonomy":"product_tag","embeddable":true,"href":"https:\/\/baldumarket.lt\/lt\/wp-json\/wp\/v2\/product_tag?post=124540"}],"curies":[{"name":"wp","href":"https:\/\/api.w.org\/{rel}","templated":true}]}}