{"id":12377,"date":"2025-11-14T06:58:12","date_gmt":"2025-11-14T03:58:12","guid":{"rendered":"https:\/\/baldumarket.lt\/product\/cayo\/"},"modified":"2026-03-24T17:35:01","modified_gmt":"2026-03-24T14:35:01","slug":"cayo","status":"publish","type":"product","link":"https:\/\/baldumarket.lt\/lt\/product\/cayo\/","title":{"rendered":"Kad\u017eo"},"content":{"rendered":"<p>\u201eCayo\u201c \u2013 tai unikalus sprendimas ma\u017eesniems, \u012fdomiai suprojektuotiems kambariams. Maksimalus komfortas ir auk\u0161tos kokyb\u0117s med\u017eiagos garantuoja ilgalaik\u012f naudojim\u0105 ir visi\u0161k\u0105 pasitenkinim\u0105 m\u016bs\u0173 sofa. Kompakti\u0161ki 192 x 90 x 90 cm matmenys ir 117 x 192 cm miegamojo plotas leid\u017eia tinkamai i\u0161d\u0117styti net ir ma\u017eiausius kambarius. \u0160is baldas greitai, lengvai ir paprastai i\u0161siskleid\u017eia naudojant spragtel\u0117jimo funkcij\u0105. Papildomi \u201eCayo\u201c privalumai: didelis patalyn\u0117s skyrius, eleganti\u0161kos metalin\u0117s kojel\u0117s ir \u012fdom\u016bs spalv\u0173 deriniai. Visi \u0161ie elementai daro \u0161i\u0105 sof\u0105 b\u016btina pirkiniu.<\/p>","protected":false},"excerpt":{"rendered":"<p>\u201eCayo\u201c \u2013 tai unikalus sprendimas ma\u017eesniems, \u012fdomiai suprojektuotiems kambariams. Maksimalus komfortas ir auk\u0161tos kokyb\u0117s med\u017eiagos garantuoja ilgalaik\u012f naudojim\u0105 ir visi\u0161k\u0105 pasitenkinim\u0105 m\u016bs\u0173 sofa. Kompakti\u0161ki 192 x 90 x 90 cm matmenys ir 117 x 192 cm miegamojo pavir\u0161iaus matmenys leid\u017eia tinkamai i\u0161d\u0117styti net ir ma\u017eiausius kambarius. \u0160i [\u2026]<\/p>","protected":false},"featured_media":12378,"comment_status":"open","ping_status":"open","template":"","meta":[],"product_brand":[],"product_cat":[2012,9170,560],"product_tag":[],"class_list":{"0":"post-12377","1":"product","2":"type-product","3":"status-publish","4":"has-post-thumbnail","6":"product_cat-eltap","7":"product_cat-sofy-i-kanapy-eltap","8":"product_cat-sofas-and-couches","10":"first","11":"instock","12":"purchasable","13":"product-type-variable","14":"wvs-archive-product-wrapper"},"_links":{"self":[{"href":"https:\/\/baldumarket.lt\/lt\/wp-json\/wp\/v2\/product\/12377","targetHints":{"allow":["GET"]}}],"collection":[{"href":"https:\/\/baldumarket.lt\/lt\/wp-json\/wp\/v2\/product"}],"about":[{"href":"https:\/\/baldumarket.lt\/lt\/wp-json\/wp\/v2\/types\/product"}],"replies":[{"embeddable":true,"href":"https:\/\/baldumarket.lt\/lt\/wp-json\/wp\/v2\/comments?post=12377"}],"wp:featuredmedia":[{"embeddable":true,"href":"https:\/\/baldumarket.lt\/lt\/wp-json\/wp\/v2\/media\/12378"}],"wp:attachment":[{"href":"https:\/\/baldumarket.lt\/lt\/wp-json\/wp\/v2\/media?parent=12377"}],"wp:term":[{"taxonomy":"product_brand","embeddable":true,"href":"https:\/\/baldumarket.lt\/lt\/wp-json\/wp\/v2\/product_brand?post=12377"},{"taxonomy":"product_cat","embeddable":true,"href":"https:\/\/baldumarket.lt\/lt\/wp-json\/wp\/v2\/product_cat?post=12377"},{"taxonomy":"product_tag","embeddable":true,"href":"https:\/\/baldumarket.lt\/lt\/wp-json\/wp\/v2\/product_tag?post=12377"}],"curies":[{"name":"wp","href":"https:\/\/api.w.org\/{rel}","templated":true}]}}