{"id":12226,"date":"2025-11-14T06:51:51","date_gmt":"2025-11-14T03:51:51","guid":{"rendered":"https:\/\/baldumarket.lt\/product\/calia\/"},"modified":"2026-03-24T17:36:02","modified_gmt":"2026-03-24T14:36:02","slug":"calia","status":"publish","type":"product","link":"https:\/\/baldumarket.lt\/lt\/product\/calia\/","title":{"rendered":"Kalija"},"content":{"rendered":"<p>\u201eCalia\u201c \u2013 tai paprasta ir eleganti\u0161ka 195 x 91 x 83 cm dyd\u017eio sofa, skirta minimalistinio stiliaus m\u0117g\u0117jams. Ji puikiai tinka poilsiui tiek dien\u0105, tiek nakt\u012f, nes gali b\u016bti transformuojama \u012f 195 x 140 cm dyd\u017eio lov\u0105. Joje taip pat yra erdvus skyrius patalynei ir papildomoms dekoratyvin\u0117ms pagalv\u0117l\u0117ms. M\u016bs\u0173 baldas pasi\u017eymi vientisu atspalviu, kur\u012f pertraukia plati juostel\u0117, einanti per s\u0117dyn\u0117s apa\u010di\u0105. Be dizainerio apdailos, verta atkreipti d\u0117mes\u012f \u012f sofos u\u017epild\u0105 \u2013 vingiuot\u0105 spyruokl\u0119 ir T25 putplast\u012f. \u201eCalia\u201c \u017eavi savo paprastumu ir minimalizmu, ta\u010diau kartu ir charakteriu. Ji derina maksimal\u0173 komfort\u0105 su jaukiais elementais, kurie puikiai papildys bet kuriuos namus.<\/p>","protected":false},"excerpt":{"rendered":"<p>\u201eCalia\u201c \u2013 tai paprasta ir eleganti\u0161ka 195 x 91 x 83 cm dyd\u017eio sofa, skirta minimalistinio stiliaus m\u0117g\u0117jams. Ji puikiai tinka poilsiui tiek dien\u0105, tiek nakt\u012f, nes gali b\u016bti transformuojama \u012f 195 x 140 cm dyd\u017eio lov\u0105. Joje taip pat yra erdvus skyrius patalynei ir papildomoms dekoratyvin\u0117ms pagalv\u0117l\u0117ms. M\u016bs\u0173 gaminys [\u2026]<\/p>","protected":false},"featured_media":12227,"comment_status":"open","ping_status":"open","template":"","meta":[],"product_brand":[],"product_cat":[2012,9170,560],"product_tag":[],"class_list":{"0":"post-12226","1":"product","2":"type-product","3":"status-publish","4":"has-post-thumbnail","6":"product_cat-eltap","7":"product_cat-sofy-i-kanapy-eltap","8":"product_cat-sofas-and-couches","10":"first","11":"instock","12":"purchasable","13":"product-type-variable","14":"wvs-archive-product-wrapper"},"_links":{"self":[{"href":"https:\/\/baldumarket.lt\/lt\/wp-json\/wp\/v2\/product\/12226","targetHints":{"allow":["GET"]}}],"collection":[{"href":"https:\/\/baldumarket.lt\/lt\/wp-json\/wp\/v2\/product"}],"about":[{"href":"https:\/\/baldumarket.lt\/lt\/wp-json\/wp\/v2\/types\/product"}],"replies":[{"embeddable":true,"href":"https:\/\/baldumarket.lt\/lt\/wp-json\/wp\/v2\/comments?post=12226"}],"wp:featuredmedia":[{"embeddable":true,"href":"https:\/\/baldumarket.lt\/lt\/wp-json\/wp\/v2\/media\/12227"}],"wp:attachment":[{"href":"https:\/\/baldumarket.lt\/lt\/wp-json\/wp\/v2\/media?parent=12226"}],"wp:term":[{"taxonomy":"product_brand","embeddable":true,"href":"https:\/\/baldumarket.lt\/lt\/wp-json\/wp\/v2\/product_brand?post=12226"},{"taxonomy":"product_cat","embeddable":true,"href":"https:\/\/baldumarket.lt\/lt\/wp-json\/wp\/v2\/product_cat?post=12226"},{"taxonomy":"product_tag","embeddable":true,"href":"https:\/\/baldumarket.lt\/lt\/wp-json\/wp\/v2\/product_tag?post=12226"}],"curies":[{"name":"wp","href":"https:\/\/api.w.org\/{rel}","templated":true}]}}