{"id":12008,"date":"2025-11-14T06:35:15","date_gmt":"2025-11-14T03:35:15","guid":{"rendered":"https:\/\/baldumarket.lt\/product\/caramel-180x200-st-met-pod-gaz-kont\/"},"modified":"2026-03-24T17:36:46","modified_gmt":"2026-03-24T14:36:46","slug":"caramel-180x200-st-met-pod-gaz-kont","status":"publish","type":"product","link":"https:\/\/baldumarket.lt\/lt\/product\/caramel-180x200-st-met-pod-gaz-kont\/","title":{"rendered":"Karamelinis 180\u00d7200 metalas\/dujos\/kont"},"content":{"rendered":"<p>\u201eCaramel\u201c \u2013 eleganti\u0161ka, skoninga ir labai patogi klasikinio stiliaus lova, kuri puikiai papildys bet kur\u012f miegam\u0105j\u012f. Galima rinktis i\u0161 keturi\u0173 dyd\u017ei\u0173: 140\/160\/180\/200 x 200 cm, tod\u0117l j\u0105 galima pritaikyti bet kokio dyd\u017eio kambariui. Lova gali b\u016bti su mediniu arba metaliniu r\u0117mu. Pastarajame yra patalyn\u0117s skyrius ir dujinis keltuvas, u\u017etikrinantis lengv\u0105 kasdien\u012f poils\u012f. Platus spalv\u0173 pasirinkimas leid\u017eia priderinti lov\u0105 prie miegamojo interjero. Auk\u0161tas galv\u016bgalis, puo\u0161tas si\u016bl\u0117mis, taip pat suteikia bendram dizainui elegancijos. \u201eCaramel\u201c \u2013 tai tobulas maksimalaus komforto ir \u012fdomaus dizaino derinys. Nesvarbu, ar turite klasikin\u012f, ar modern\u0173 miegam\u0105j\u012f, \u201eCaramel\u201c \u2013 tobula lova bet kokiai progai.<\/p>","protected":false},"excerpt":{"rendered":"<p>\u201eCaramel\u201c \u2013 eleganti\u0161ka, skoninga ir labai patogi klasikinio stiliaus lova, kuri puikiai papildys bet kur\u012f miegam\u0105j\u012f. Galima rinktis i\u0161 keturi\u0173 dyd\u017ei\u0173: 140\/160\/180\/200 x 200 cm, tod\u0117l j\u0105 galima pritaikyti bet kokio dyd\u017eio kambariui. Lova gali b\u016bti su mediniu arba metaliniu r\u0117mu. Pastarajame yra patalyn\u0117s laikymo skyrius ir [\u2026]<\/p>","protected":false},"featured_media":11998,"comment_status":"open","ping_status":"open","template":"","meta":[],"product_brand":[],"product_cat":[505,1972,2012],"product_tag":[],"class_list":{"0":"post-12008","1":"product","2":"type-product","3":"status-publish","4":"has-post-thumbnail","6":"product_cat-bedroom-beds","7":"product_cat-beds-180x200","8":"product_cat-eltap","10":"first","11":"instock","12":"purchasable","13":"product-type-variable","14":"wvs-archive-product-wrapper"},"_links":{"self":[{"href":"https:\/\/baldumarket.lt\/lt\/wp-json\/wp\/v2\/product\/12008","targetHints":{"allow":["GET"]}}],"collection":[{"href":"https:\/\/baldumarket.lt\/lt\/wp-json\/wp\/v2\/product"}],"about":[{"href":"https:\/\/baldumarket.lt\/lt\/wp-json\/wp\/v2\/types\/product"}],"replies":[{"embeddable":true,"href":"https:\/\/baldumarket.lt\/lt\/wp-json\/wp\/v2\/comments?post=12008"}],"wp:featuredmedia":[{"embeddable":true,"href":"https:\/\/baldumarket.lt\/lt\/wp-json\/wp\/v2\/media\/11998"}],"wp:attachment":[{"href":"https:\/\/baldumarket.lt\/lt\/wp-json\/wp\/v2\/media?parent=12008"}],"wp:term":[{"taxonomy":"product_brand","embeddable":true,"href":"https:\/\/baldumarket.lt\/lt\/wp-json\/wp\/v2\/product_brand?post=12008"},{"taxonomy":"product_cat","embeddable":true,"href":"https:\/\/baldumarket.lt\/lt\/wp-json\/wp\/v2\/product_cat?post=12008"},{"taxonomy":"product_tag","embeddable":true,"href":"https:\/\/baldumarket.lt\/lt\/wp-json\/wp\/v2\/product_tag?post=12008"}],"curies":[{"name":"wp","href":"https:\/\/api.w.org\/{rel}","templated":true}]}}