{"id":114057,"date":"2025-12-10T03:08:17","date_gmt":"2025-12-10T00:08:17","guid":{"rendered":"https:\/\/baldumarket.lt\/product\/dream-lozko-arena-20-2\/"},"modified":"2026-02-03T23:40:57","modified_gmt":"2026-02-03T20:40:57","slug":"dream-lozko-arena-20-2","status":"publish","type":"product","link":"https:\/\/baldumarket.lt\/lt\/product\/dream-lozko-arena-20-2\/","title":{"rendered":"SVAJON\u0116 (Lova) \u2013 20 arena"},"content":{"rendered":"<p>\u010ciu\u017einiai, tinkantys \u0161iai lovai:<\/p>\n<p>200 x 180 x 17 PO<br \/>\nKI\u0160ENINIS \u010cIU\u017dINYS<\/p>\n<p>200 x 180 x 18 PO<br \/>\nKI\u0160ENINIS \u010cIU\u017dINYS + KOKOSAS<\/p>\n<p>200 x 180 x 19 POL<br \/>\nKI\u0160ENINIS \u010cIU\u017dINYS + LATEKSAS<\/p>\n<p>200 x 180 x 20 POP<br \/>\nKI\u0160ENINIS \u010cIU\u017dINYS + MEMORY FOAM<\/p>","protected":false},"excerpt":{"rendered":"<p>\u0160iai lovai tinkami \u010diu\u017einiai: 200 x 180 x 17 PO KI\u0160ENINIS \u010cIU\u017dINIS 200 x 180 x 18 PO KI\u0160ENINIS \u010cIU\u017dINIS + KOKOS\u0172 RIE\u0160UT ...<\/p>","protected":false},"featured_media":114058,"comment_status":"open","ping_status":"closed","template":"","meta":[],"product_brand":[],"product_cat":[9278,505,2455],"product_tag":[],"class_list":{"0":"post-114057","1":"product","2":"type-product","3":"status-publish","4":"has-post-thumbnail","6":"product_cat-beds-dream-dolmar","7":"product_cat-bedroom-beds","8":"product_cat-dolmar","10":"first","11":"instock","12":"purchasable","13":"product-type-simple"},"_links":{"self":[{"href":"https:\/\/baldumarket.lt\/lt\/wp-json\/wp\/v2\/product\/114057","targetHints":{"allow":["GET"]}}],"collection":[{"href":"https:\/\/baldumarket.lt\/lt\/wp-json\/wp\/v2\/product"}],"about":[{"href":"https:\/\/baldumarket.lt\/lt\/wp-json\/wp\/v2\/types\/product"}],"replies":[{"embeddable":true,"href":"https:\/\/baldumarket.lt\/lt\/wp-json\/wp\/v2\/comments?post=114057"}],"wp:featuredmedia":[{"embeddable":true,"href":"https:\/\/baldumarket.lt\/lt\/wp-json\/wp\/v2\/media\/114058"}],"wp:attachment":[{"href":"https:\/\/baldumarket.lt\/lt\/wp-json\/wp\/v2\/media?parent=114057"}],"wp:term":[{"taxonomy":"product_brand","embeddable":true,"href":"https:\/\/baldumarket.lt\/lt\/wp-json\/wp\/v2\/product_brand?post=114057"},{"taxonomy":"product_cat","embeddable":true,"href":"https:\/\/baldumarket.lt\/lt\/wp-json\/wp\/v2\/product_cat?post=114057"},{"taxonomy":"product_tag","embeddable":true,"href":"https:\/\/baldumarket.lt\/lt\/wp-json\/wp\/v2\/product_tag?post=114057"}],"curies":[{"name":"wp","href":"https:\/\/api.w.org\/{rel}","templated":true}]}}