{"id":114055,"date":"2025-12-10T03:08:15","date_gmt":"2025-12-10T00:08:15","guid":{"rendered":"https:\/\/baldumarket.lt\/product\/dream-lozko-arena-20\/"},"modified":"2026-02-03T23:40:58","modified_gmt":"2026-02-03T20:40:58","slug":"dream-lozko-arena-20","status":"publish","type":"product","link":"https:\/\/baldumarket.lt\/lt\/product\/dream-lozko-arena-20\/","title":{"rendered":"SVAJON\u0116 (Lova) \u2013 20 arena"},"content":{"rendered":"<p>Bendras ilgis<br \/>\n185 cm<\/p>\n<p>Bendras plotis<br \/>\n224 cm<\/p>\n<p>Bendras auk\u0161tis<br \/>\n103 cm<\/p>\n<p>Atlo\u0161o auk\u0161tis nuo grind\u0173<br \/>\n103 cm<\/p>\n<p>Patalyn\u0117 saugykla<br \/>\ntaip<\/p>\n<p>Atlo\u0161o putplastis \/ atlo\u0161o pagalv\u0117l\u0117s<br \/>\nT2130<\/p>\n<p>Su lova suderinami \u010diu\u017einiai:<\/p>\n<p>200 x 160 x 17 PO<br \/>\nKI\u0160ENINIS \u010cIU\u017dINYS<\/p>\n<p>200 x 160 x 18 POK<br \/>\nKI\u0160ENINIS \u010cIU\u017dINYS + KOKOSAS<\/p>\n<p>200 x 160 x 19 POK<br \/>\nKI\u0160ENINIS \u010cIU\u017dINYS + LATEKSAS<\/p>\n<p>200 x 160 x 20 POP<br \/>\nKI\u0160ENINIS \u010cIU\u017dINYS + MEMORY FOAM<\/p>","protected":false},"excerpt":{"rendered":"<p>Bendras ilgis 185 cm Bendras plotis 224 cm Bendras auk\u0161tis 103 cm Atlo\u0161o auk\u0161tis nuo grind\u0173 103 cm Patalyn\u0117s laikymo vieta: yra Atlo\u0161o putplastis \/ atlo\u0161o pagalv\u0117l\u0117s T2130 Su lova suderinami \u010diu\u017einiai: 200 x 160 x 17 PO KI\u0160ENINIS \u010cIU\u017dINIS 200 x 160 x 18 POK KI\u0160ENINIS \u010cIU\u017dINIS + KOKOSAS 200 x 160 x 19 POK KI\u0160ENINIS [\u2026]<\/p>","protected":false},"featured_media":114056,"comment_status":"open","ping_status":"closed","template":"","meta":[],"product_brand":[],"product_cat":[9278,505,2455],"product_tag":[],"class_list":{"0":"post-114055","1":"product","2":"type-product","3":"status-publish","4":"has-post-thumbnail","6":"product_cat-beds-dream-dolmar","7":"product_cat-bedroom-beds","8":"product_cat-dolmar","10":"first","11":"instock","12":"purchasable","13":"product-type-simple"},"_links":{"self":[{"href":"https:\/\/baldumarket.lt\/lt\/wp-json\/wp\/v2\/product\/114055","targetHints":{"allow":["GET"]}}],"collection":[{"href":"https:\/\/baldumarket.lt\/lt\/wp-json\/wp\/v2\/product"}],"about":[{"href":"https:\/\/baldumarket.lt\/lt\/wp-json\/wp\/v2\/types\/product"}],"replies":[{"embeddable":true,"href":"https:\/\/baldumarket.lt\/lt\/wp-json\/wp\/v2\/comments?post=114055"}],"wp:featuredmedia":[{"embeddable":true,"href":"https:\/\/baldumarket.lt\/lt\/wp-json\/wp\/v2\/media\/114056"}],"wp:attachment":[{"href":"https:\/\/baldumarket.lt\/lt\/wp-json\/wp\/v2\/media?parent=114055"}],"wp:term":[{"taxonomy":"product_brand","embeddable":true,"href":"https:\/\/baldumarket.lt\/lt\/wp-json\/wp\/v2\/product_brand?post=114055"},{"taxonomy":"product_cat","embeddable":true,"href":"https:\/\/baldumarket.lt\/lt\/wp-json\/wp\/v2\/product_cat?post=114055"},{"taxonomy":"product_tag","embeddable":true,"href":"https:\/\/baldumarket.lt\/lt\/wp-json\/wp\/v2\/product_tag?post=114055"}],"curies":[{"name":"wp","href":"https:\/\/api.w.org\/{rel}","templated":true}]}}