{"id":114041,"date":"2025-12-10T03:08:03","date_gmt":"2025-12-10T00:08:03","guid":{"rendered":"https:\/\/baldumarket.lt\/product\/tiny-lozko-faro-22\/"},"modified":"2026-02-03T23:40:58","modified_gmt":"2026-02-03T20:40:58","slug":"tiny-lozko-faro-22","status":"publish","type":"product","link":"https:\/\/baldumarket.lt\/lt\/product\/tiny-lozko-faro-22\/","title":{"rendered":"MA\u017dYT\u0116 (lova) \u2013 Faro 22"},"content":{"rendered":"<p>Bendras ilgis<br \/>\n205 cm<\/p>\n<p>Bendras plotis<br \/>\n95 cm<\/p>\n<p>Bendras auk\u0161tis<br \/>\n76 cm<\/p>\n<p>Atlo\u0161o auk\u0161tis nuo grind\u0173<br \/>\n76 cm<\/p>\n<p>S\u0117dyn\u0117s ilgis<br \/>\n202 cm<\/p>\n<p>S\u0117dyn\u0117s gylis<br \/>\n92 cm<\/p>\n<p>S\u0117dyn\u0117s auk\u0161tis<br \/>\n49 cm<\/p>\n<p>Atlo\u0161o auk\u0161tis nuo s\u0117dyn\u0117s<br \/>\n27 cm<\/p>\n<p>\u0160oninis plotis<br \/>\n3 cm<\/p>\n<p>\u0160oninis auk\u0161tis<br \/>\n76 cm<\/p>\n<p>Miegamoji zona<br \/>\n205 \u00d7 95 cm<\/p>\n<p>Patalyn\u0117 saugykla<br \/>\nTAIP<\/p>\n<p>S\u0117dyn\u0117s putos<br \/>\nBonell \u0161erdies skersmuo 2,4, T2542 vir\u0161us<\/p>","protected":false},"excerpt":{"rendered":"<p>Bendras ilgis 205 cm Bendras plotis 95 cm Bendras auk\u0161tis 76 cm Atlo\u0161o auk\u0161tis nuo grind\u0173 76 cm S\u0117dyn\u0117s ilgis 202 cm S\u0117dyn\u0117s gylis 92 cm S\u0117dyn\u0117s auk\u0161tis 49 cm Atlo\u0161o auk\u0161tis nuo s\u0117dyn\u0117s 27 cm \u0160oninis plotis 3 cm \u0160oninis auk\u0161tis 76 cm Miegamoji dalis 205 \u00d7 95 cm Patalyn\u0117 TAIP S\u0117dyn\u0117s putos \u201eBonel\u201c \u0161erdis [\u2026]<\/p>","protected":false},"featured_media":114042,"comment_status":"open","ping_status":"open","template":"","meta":[],"product_brand":[],"product_cat":[505,2455],"product_tag":[],"class_list":{"0":"post-114041","1":"product","2":"type-product","3":"status-publish","4":"has-post-thumbnail","6":"product_cat-bedroom-beds","7":"product_cat-dolmar","9":"first","10":"instock","11":"purchasable","12":"product-type-simple"},"_links":{"self":[{"href":"https:\/\/baldumarket.lt\/lt\/wp-json\/wp\/v2\/product\/114041","targetHints":{"allow":["GET"]}}],"collection":[{"href":"https:\/\/baldumarket.lt\/lt\/wp-json\/wp\/v2\/product"}],"about":[{"href":"https:\/\/baldumarket.lt\/lt\/wp-json\/wp\/v2\/types\/product"}],"replies":[{"embeddable":true,"href":"https:\/\/baldumarket.lt\/lt\/wp-json\/wp\/v2\/comments?post=114041"}],"wp:featuredmedia":[{"embeddable":true,"href":"https:\/\/baldumarket.lt\/lt\/wp-json\/wp\/v2\/media\/114042"}],"wp:attachment":[{"href":"https:\/\/baldumarket.lt\/lt\/wp-json\/wp\/v2\/media?parent=114041"}],"wp:term":[{"taxonomy":"product_brand","embeddable":true,"href":"https:\/\/baldumarket.lt\/lt\/wp-json\/wp\/v2\/product_brand?post=114041"},{"taxonomy":"product_cat","embeddable":true,"href":"https:\/\/baldumarket.lt\/lt\/wp-json\/wp\/v2\/product_cat?post=114041"},{"taxonomy":"product_tag","embeddable":true,"href":"https:\/\/baldumarket.lt\/lt\/wp-json\/wp\/v2\/product_tag?post=114041"}],"curies":[{"name":"wp","href":"https:\/\/api.w.org\/{rel}","templated":true}]}}