{"id":114031,"date":"2025-12-10T03:07:54","date_gmt":"2025-12-10T00:07:54","guid":{"rendered":"https:\/\/baldumarket.lt\/product\/lena-lozko-cloud-03\/"},"modified":"2026-02-03T23:40:58","modified_gmt":"2026-02-03T20:40:58","slug":"lena-lozko-cloud-03","status":"publish","type":"product","link":"https:\/\/baldumarket.lt\/lt\/product\/lena-lozko-cloud-03\/","title":{"rendered":"LENA (Lova) \u2013 Debesis 03"},"content":{"rendered":"<p>Bendras ilgis<br \/>\n210 cm<\/p>\n<p>Bendras plotis<br \/>\n128 cm<\/p>\n<p>Bendras auk\u0161tis<br \/>\n76 cm<\/p>\n<p>Atlo\u0161o auk\u0161tis nuo grind\u0173<br \/>\n76 cm<\/p>\n<p>\u0160oninis auk\u0161tis<br \/>\n76 cm<\/p>\n<p>\u0160oninis plotis<br \/>\n5 cm<\/p>\n<p>Patalyn\u0117 saugykla<br \/>\ntaip<\/p>\n<p>Nugaros putos \/ nugaros pagalv\u0117l\u0117s<br \/>\nT3038<\/p>\n<p>Su lova suderinami \u010diu\u017einiai:<\/p>\n<p>200 x 120 x 12 B<br \/>\nBONEL \u010cIU\u017dINIS<\/p>\n<p>200 x 120 x 12 MBL<br \/>\nVIENPUSIS MINI-BONEL \u010cIU\u017dINYS + LATEKSAS<\/p>\n<p>200 x 120 x 12 MBK<br \/>\nVIENPUSIS MINI-BONEL \u010cIU\u017dINYS + KOKOSAS<\/p>\n<p>200 x 120 x 17 PO<br \/>\nKI\u0160ENINIS \u010cIU\u017dINYS<\/p>\n<p>200 x 120 x 18 POK<br \/>\nKI\u0160ENINIS \u010cIU\u017dINYS + KOKOSAS<\/p>\n<p>200 x 120 x 19 POL<br \/>\nKI\u0160ENINIS \u010cIU\u017dINYS + LATEKSAS<\/p>\n<p>200 x 120 x 20 POP<br \/>\nKI\u0160ENINIS \u010cIU\u017dINYS + MEMORY FOAM<\/p>","protected":false},"excerpt":{"rendered":"<p>Bendras ilgis 210 cm Bendras plotis 128 cm Bendras auk\u0161tis 76 cm Atlo\u0161o auk\u0161tis nuo grind\u0173 76 cm \u0160oninis auk\u0161tis 76 cm \u0160oninis plotis 5 cm Patalyn\u0117s laikymo vieta: yra Nugaros putos \/ nugaros pagalv\u0117l\u0117s T3038 Su lova suderinami \u010diu\u017einiai: 200 x 120 x 12 B BONEL \u010cIU\u017dINYS 200 x 120 x 12 MBL VIENPUSIS MINI-BONEL \u010cIU\u017dINYS [\u2026]<\/p>","protected":false},"featured_media":114032,"comment_status":"open","ping_status":"open","template":"","meta":[],"product_brand":[],"product_cat":[9280,505,2455],"product_tag":[],"class_list":{"0":"post-114031","1":"product","2":"type-product","3":"status-publish","4":"has-post-thumbnail","6":"product_cat-beds-lena-dolmar","7":"product_cat-bedroom-beds","8":"product_cat-dolmar","10":"first","11":"instock","12":"purchasable","13":"product-type-simple"},"_links":{"self":[{"href":"https:\/\/baldumarket.lt\/lt\/wp-json\/wp\/v2\/product\/114031","targetHints":{"allow":["GET"]}}],"collection":[{"href":"https:\/\/baldumarket.lt\/lt\/wp-json\/wp\/v2\/product"}],"about":[{"href":"https:\/\/baldumarket.lt\/lt\/wp-json\/wp\/v2\/types\/product"}],"replies":[{"embeddable":true,"href":"https:\/\/baldumarket.lt\/lt\/wp-json\/wp\/v2\/comments?post=114031"}],"wp:featuredmedia":[{"embeddable":true,"href":"https:\/\/baldumarket.lt\/lt\/wp-json\/wp\/v2\/media\/114032"}],"wp:attachment":[{"href":"https:\/\/baldumarket.lt\/lt\/wp-json\/wp\/v2\/media?parent=114031"}],"wp:term":[{"taxonomy":"product_brand","embeddable":true,"href":"https:\/\/baldumarket.lt\/lt\/wp-json\/wp\/v2\/product_brand?post=114031"},{"taxonomy":"product_cat","embeddable":true,"href":"https:\/\/baldumarket.lt\/lt\/wp-json\/wp\/v2\/product_cat?post=114031"},{"taxonomy":"product_tag","embeddable":true,"href":"https:\/\/baldumarket.lt\/lt\/wp-json\/wp\/v2\/product_tag?post=114031"}],"curies":[{"name":"wp","href":"https:\/\/api.w.org\/{rel}","templated":true}]}}