{"id":114021,"date":"2025-12-10T03:07:46","date_gmt":"2025-12-10T00:07:46","guid":{"rendered":"https:\/\/baldumarket.lt\/product\/lozko-inka-czarny-dab-naturalny-2\/"},"modified":"2026-02-03T23:40:59","modified_gmt":"2026-02-03T20:40:59","slug":"lozko-inka-czarny-dab-naturalny-2","status":"publish","type":"product","link":"https:\/\/baldumarket.lt\/lt\/product\/lozko-inka-czarny-dab-naturalny-2\/","title":{"rendered":"\u201cINKA\u201d lova \u2013 juoda\/nat\u016bralus \u0105\u017euolas"},"content":{"rendered":"<p>Prie lovos derantys \u010diu\u017einiai:<\/p>\n<p>200 x 120 x 12 B<br \/>\nBONEL \u010cIU\u017dINIS<\/p>\n<p>200 x 120 x 12 MBL<br \/>\nVIENPUSIS MINIBONEL \u010cIU\u017dINYS + LATEKSAS<\/p>\n<p>200 x 120 x 12 MBK<br \/>\nVIENPUSIS MINIBONEL \u010cIU\u017dINYS + KOKOSAS<\/p>\n<p>200 x 120 x 17 PO<br \/>\nKI\u0160ENINIS \u010cIU\u017dINYS<\/p>\n<p>200 x 120 x 18 POK<br \/>\nKI\u0160ENINIS \u010cIU\u017dINYS + KOKOSAS<\/p>\n<p>200 x 120 x 19 POL<br \/>\nKI\u0160ENINIS \u010cIU\u017dINYS + LATEKSAS<\/p>\n<p>200 x 120 x 20 POP<br \/>\nKI\u0160ENINIS \u010cIU\u017dINYS + MEMORY FOAM<\/p>\n<p>Prie lovos derantis stal\u010dius:<\/p>\n<p>Stal\u010dius<\/p>","protected":false},"excerpt":{"rendered":"<p>Lovai tinkantys \u010diu\u017einiai: 200 x 120 x 12 B BONEL \u010cIU\u017dINIS 200 x 120 x 12 MBL VIENPUSIS MINIBONEL \u010cIU\u017dINIS + LATEKSO 200 x 120 x 12 MBK VIENPUSIS MINIBONEL \u010cIU\u017dINIS + KOKOSO 200 x 120 x 17 PO KI\u0160ENINIS \u010cIU\u017dINIS 200 x 120 x 18 POK KI\u0160ENINIS \u010cIU\u017dINIS + KOKOSO 200 x 120 [\u2026]<\/p>","protected":false},"featured_media":114022,"comment_status":"open","ping_status":"open","template":"","meta":[],"product_brand":[],"product_cat":[9282,505,2455],"product_tag":[],"class_list":{"0":"post-114021","1":"product","2":"type-product","3":"status-publish","4":"has-post-thumbnail","6":"product_cat-wooden-beds-dolmar","7":"product_cat-bedroom-beds","8":"product_cat-dolmar","10":"first","11":"instock","12":"purchasable","13":"product-type-simple"},"_links":{"self":[{"href":"https:\/\/baldumarket.lt\/lt\/wp-json\/wp\/v2\/product\/114021","targetHints":{"allow":["GET"]}}],"collection":[{"href":"https:\/\/baldumarket.lt\/lt\/wp-json\/wp\/v2\/product"}],"about":[{"href":"https:\/\/baldumarket.lt\/lt\/wp-json\/wp\/v2\/types\/product"}],"replies":[{"embeddable":true,"href":"https:\/\/baldumarket.lt\/lt\/wp-json\/wp\/v2\/comments?post=114021"}],"wp:featuredmedia":[{"embeddable":true,"href":"https:\/\/baldumarket.lt\/lt\/wp-json\/wp\/v2\/media\/114022"}],"wp:attachment":[{"href":"https:\/\/baldumarket.lt\/lt\/wp-json\/wp\/v2\/media?parent=114021"}],"wp:term":[{"taxonomy":"product_brand","embeddable":true,"href":"https:\/\/baldumarket.lt\/lt\/wp-json\/wp\/v2\/product_brand?post=114021"},{"taxonomy":"product_cat","embeddable":true,"href":"https:\/\/baldumarket.lt\/lt\/wp-json\/wp\/v2\/product_cat?post=114021"},{"taxonomy":"product_tag","embeddable":true,"href":"https:\/\/baldumarket.lt\/lt\/wp-json\/wp\/v2\/product_tag?post=114021"}],"curies":[{"name":"wp","href":"https:\/\/api.w.org\/{rel}","templated":true}]}}