{"id":113981,"date":"2025-12-10T03:07:10","date_gmt":"2025-12-10T00:07:10","guid":{"rendered":"https:\/\/baldumarket.lt\/product\/system-zante-za5-rtv-180-2d1s-2\/"},"modified":"2026-02-03T23:41:02","modified_gmt":"2026-02-03T20:41:02","slug":"system-zante-za5-rtv-180-2d1s-2","status":"publish","type":"product","link":"https:\/\/baldumarket.lt\/lt\/product\/system-zante-za5-rtv-180-2d1s-2\/","title":{"rendered":"\u201eZANTE\u201c ZA5 sistema (RTV 180 2D1S)"},"content":{"rendered":"<p>Dizainas:<br \/>\n\u0160velniai u\u017esidarantys vyriai. \u0160velniai u\u017esidarantys \/ pilno i\u0161traukimo b\u0117geliai. Metalin\u0117s rankenos. Metalin\u0117s kojel\u0117s. Apval\u016bs \u0161onai pagaminti i\u0161 MDF plok\u0161t\u0117s. Baldo nugar\u0117l\u0117 pagaminta i\u0161 plok\u0161t\u0117s.<\/p>","protected":false},"excerpt":{"rendered":"<p>Dizainas: \u0160velniai u\u017esidarantys vyriai. \u0160velniai u\u017esidarantys \/ pilno i\u0161traukimo b\u0117geliai. Metalin\u0117s rankenos. Metalin\u0117s kojel\u0117s. Apval\u016bs \u0161onai pagaminti i\u0161 MDF plok\u0161t\u0117s. Baldo nugar\u0117l\u0117 pagaminta i\u0161 plok\u0161t\u0117s.<\/p>","protected":false},"featured_media":113982,"comment_status":"open","ping_status":"open","template":"","meta":[],"product_brand":[],"product_cat":[9295,2455,1175],"product_tag":[],"class_list":{"0":"post-113981","1":"product","2":"type-product","3":"status-publish","4":"has-post-thumbnail","6":"product_cat-furniture-system-zante-dolmar","7":"product_cat-dolmar","8":"product_cat-tv-stands","10":"first","11":"instock","12":"purchasable","13":"product-type-simple"},"_links":{"self":[{"href":"https:\/\/baldumarket.lt\/lt\/wp-json\/wp\/v2\/product\/113981","targetHints":{"allow":["GET"]}}],"collection":[{"href":"https:\/\/baldumarket.lt\/lt\/wp-json\/wp\/v2\/product"}],"about":[{"href":"https:\/\/baldumarket.lt\/lt\/wp-json\/wp\/v2\/types\/product"}],"replies":[{"embeddable":true,"href":"https:\/\/baldumarket.lt\/lt\/wp-json\/wp\/v2\/comments?post=113981"}],"wp:featuredmedia":[{"embeddable":true,"href":"https:\/\/baldumarket.lt\/lt\/wp-json\/wp\/v2\/media\/113982"}],"wp:attachment":[{"href":"https:\/\/baldumarket.lt\/lt\/wp-json\/wp\/v2\/media?parent=113981"}],"wp:term":[{"taxonomy":"product_brand","embeddable":true,"href":"https:\/\/baldumarket.lt\/lt\/wp-json\/wp\/v2\/product_brand?post=113981"},{"taxonomy":"product_cat","embeddable":true,"href":"https:\/\/baldumarket.lt\/lt\/wp-json\/wp\/v2\/product_cat?post=113981"},{"taxonomy":"product_tag","embeddable":true,"href":"https:\/\/baldumarket.lt\/lt\/wp-json\/wp\/v2\/product_tag?post=113981"}],"curies":[{"name":"wp","href":"https:\/\/api.w.org\/{rel}","templated":true}]}}