{"id":113973,"date":"2025-12-10T03:07:03","date_gmt":"2025-12-10T00:07:03","guid":{"rendered":"https:\/\/baldumarket.lt\/product\/system-zante-za3-komoda-150-2d1w-2\/"},"modified":"2026-02-03T23:41:02","modified_gmt":"2026-02-03T20:41:02","slug":"system-zante-za3-komoda-150-2d1w-2","status":"publish","type":"product","link":"https:\/\/baldumarket.lt\/lt\/product\/system-zante-za3-komoda-150-2d1w-2\/","title":{"rendered":"Sistema \u201eZANTE\u201c ZA3 (Komodos 150 2D1W)"},"content":{"rendered":"<p>Dizainas:<br \/>\n\u0160velniai u\u017esidarantys vyriai. \u0160velniai u\u017esidarantys \/ pilno i\u0161traukimo b\u0117geliai. Metalin\u0117s rankenos. Metalin\u0117s kojel\u0117s. Apval\u016bs MDF \u0161onai. Galin\u0117 sienel\u0117 pagaminta i\u0161 plok\u0161t\u0117s.<br \/>\nPapildoma parinktis: LED ap\u0161vietimas 1<\/p>","protected":false},"excerpt":{"rendered":"<p>Dizainas: \u0160velniai u\u017esidarantys vyriai. \u0160velniai u\u017esidarantys \/ pilno i\u0161traukimo b\u0117geliai. Metalin\u0117s rankenos. Metalin\u0117s kojel\u0117s. Apval\u016bs MDF \u0161onai. Galin\u0117 sienel\u0117 pagaminta i\u0161 plok\u0161t\u0117s. Papildoma parinktis: LED ap\u0161vietimas 1<\/p>","protected":false},"featured_media":113974,"comment_status":"open","ping_status":"open","template":"","meta":[],"product_brand":[],"product_cat":[9295,1173,2455],"product_tag":[],"class_list":{"0":"post-113973","1":"product","2":"type-product","3":"status-publish","4":"has-post-thumbnail","6":"product_cat-furniture-system-zante-dolmar","7":"product_cat-chests-of-drawers","8":"product_cat-dolmar","10":"first","11":"instock","12":"purchasable","13":"product-type-simple"},"_links":{"self":[{"href":"https:\/\/baldumarket.lt\/lt\/wp-json\/wp\/v2\/product\/113973","targetHints":{"allow":["GET"]}}],"collection":[{"href":"https:\/\/baldumarket.lt\/lt\/wp-json\/wp\/v2\/product"}],"about":[{"href":"https:\/\/baldumarket.lt\/lt\/wp-json\/wp\/v2\/types\/product"}],"replies":[{"embeddable":true,"href":"https:\/\/baldumarket.lt\/lt\/wp-json\/wp\/v2\/comments?post=113973"}],"wp:featuredmedia":[{"embeddable":true,"href":"https:\/\/baldumarket.lt\/lt\/wp-json\/wp\/v2\/media\/113974"}],"wp:attachment":[{"href":"https:\/\/baldumarket.lt\/lt\/wp-json\/wp\/v2\/media?parent=113973"}],"wp:term":[{"taxonomy":"product_brand","embeddable":true,"href":"https:\/\/baldumarket.lt\/lt\/wp-json\/wp\/v2\/product_brand?post=113973"},{"taxonomy":"product_cat","embeddable":true,"href":"https:\/\/baldumarket.lt\/lt\/wp-json\/wp\/v2\/product_cat?post=113973"},{"taxonomy":"product_tag","embeddable":true,"href":"https:\/\/baldumarket.lt\/lt\/wp-json\/wp\/v2\/product_tag?post=113973"}],"curies":[{"name":"wp","href":"https:\/\/api.w.org\/{rel}","templated":true}]}}