{"id":113963,"date":"2025-12-10T03:06:55","date_gmt":"2025-12-10T00:06:55","guid":{"rendered":"https:\/\/baldumarket.lt\/product\/system-zante-za1-witryna-2d2w\/"},"modified":"2026-02-03T23:41:03","modified_gmt":"2026-02-03T20:41:03","slug":"system-zante-za1-witryna-2d2w","status":"publish","type":"product","link":"https:\/\/baldumarket.lt\/lt\/product\/system-zante-za1-witryna-2d2w\/","title":{"rendered":"Sistema \u201eZANTE\u201c ZA1 (2D2W ekranas)"},"content":{"rendered":"<p>Apdaila:<br \/>\n\u0160velniai u\u017esidarantys vyriai. \u0160velniai u\u017esidarantys \/ pilno i\u0161traukimo b\u0117geliai. Metalin\u0117s rankenos. Metalin\u0117s kojel\u0117s. Apval\u016bs MDF \u0161onai. Galin\u0117 sienel\u0117 pagaminta i\u0161 plok\u0161t\u0117s.<br \/>\nPapildoma parinktis: 2 LED ap\u0161vietimas<\/p>","protected":false},"excerpt":{"rendered":"<p>Apdaila: \u0160velniai u\u017esidarantys vyriai. \u0160velniai u\u017esidarantys \/ pilno i\u0161traukimo b\u0117geliai. Metalin\u0117s rankenos. Metalin\u0117s kojel\u0117s. Apval\u016bs MDF \u0161onai. Galin\u0117 sienel\u0117 pagaminta i\u0161 plok\u0161t\u0117s. Papildoma parinktis: 2 LED ap\u0161vietimas<\/p>","protected":false},"featured_media":113964,"comment_status":"open","ping_status":"open","template":"","meta":[],"product_brand":[],"product_cat":[9295,2455,2006],"product_tag":[],"class_list":{"0":"post-113963","1":"product","2":"type-product","3":"status-publish","4":"has-post-thumbnail","6":"product_cat-furniture-system-zante-dolmar","7":"product_cat-dolmar","8":"product_cat-vitrines","10":"first","11":"instock","12":"purchasable","13":"product-type-simple"},"_links":{"self":[{"href":"https:\/\/baldumarket.lt\/lt\/wp-json\/wp\/v2\/product\/113963","targetHints":{"allow":["GET"]}}],"collection":[{"href":"https:\/\/baldumarket.lt\/lt\/wp-json\/wp\/v2\/product"}],"about":[{"href":"https:\/\/baldumarket.lt\/lt\/wp-json\/wp\/v2\/types\/product"}],"replies":[{"embeddable":true,"href":"https:\/\/baldumarket.lt\/lt\/wp-json\/wp\/v2\/comments?post=113963"}],"wp:featuredmedia":[{"embeddable":true,"href":"https:\/\/baldumarket.lt\/lt\/wp-json\/wp\/v2\/media\/113964"}],"wp:attachment":[{"href":"https:\/\/baldumarket.lt\/lt\/wp-json\/wp\/v2\/media?parent=113963"}],"wp:term":[{"taxonomy":"product_brand","embeddable":true,"href":"https:\/\/baldumarket.lt\/lt\/wp-json\/wp\/v2\/product_brand?post=113963"},{"taxonomy":"product_cat","embeddable":true,"href":"https:\/\/baldumarket.lt\/lt\/wp-json\/wp\/v2\/product_cat?post=113963"},{"taxonomy":"product_tag","embeddable":true,"href":"https:\/\/baldumarket.lt\/lt\/wp-json\/wp\/v2\/product_tag?post=113963"}],"curies":[{"name":"wp","href":"https:\/\/api.w.org\/{rel}","templated":true}]}}