{"id":113945,"date":"2025-12-10T03:06:39","date_gmt":"2025-12-10T00:06:39","guid":{"rendered":"https:\/\/baldumarket.lt\/product\/system-mossa-mo7-komoda-2d1s-ef-dab-whisky-2\/"},"modified":"2026-02-03T23:41:04","modified_gmt":"2026-02-03T20:41:04","slug":"system-mossa-mo7-komoda-2d1s-ef-dab-whisky-2","status":"publish","type":"product","link":"https:\/\/baldumarket.lt\/lt\/product\/system-mossa-mo7-komoda-2d1s-ef-dab-whisky-2\/","title":{"rendered":"\u201eMOSSA\u201c MO7 sistema (2D1S EF komoda) \u2013 viskio \u0105\u017euolas"},"content":{"rendered":"<p>Pastaba: komodai MO7 galima \u012fsigyti ir \u012fmontuoti elektrin\u012f \u017eidin\u012f.<br \/>\nElektrinis \u017eidinys komodai MO7.<\/p>","protected":false},"excerpt":{"rendered":"<p>Pastaba: Galima \u012fsigyti ir \u012fmontuoti elektrin\u012f \u017eidin\u012f prie komodos MO7. Elektrinis \u017eidinys prie komodos MO7.<\/p>","protected":false},"featured_media":113946,"comment_status":"open","ping_status":"open","template":"","meta":[],"product_brand":[],"product_cat":[9288,1173,2455],"product_tag":[],"class_list":{"0":"post-113945","1":"product","2":"type-product","3":"status-publish","4":"has-post-thumbnail","6":"product_cat-furniture-system-mossa-dolmar","7":"product_cat-chests-of-drawers","8":"product_cat-dolmar","10":"first","11":"instock","12":"purchasable","13":"product-type-simple"},"_links":{"self":[{"href":"https:\/\/baldumarket.lt\/lt\/wp-json\/wp\/v2\/product\/113945","targetHints":{"allow":["GET"]}}],"collection":[{"href":"https:\/\/baldumarket.lt\/lt\/wp-json\/wp\/v2\/product"}],"about":[{"href":"https:\/\/baldumarket.lt\/lt\/wp-json\/wp\/v2\/types\/product"}],"replies":[{"embeddable":true,"href":"https:\/\/baldumarket.lt\/lt\/wp-json\/wp\/v2\/comments?post=113945"}],"wp:featuredmedia":[{"embeddable":true,"href":"https:\/\/baldumarket.lt\/lt\/wp-json\/wp\/v2\/media\/113946"}],"wp:attachment":[{"href":"https:\/\/baldumarket.lt\/lt\/wp-json\/wp\/v2\/media?parent=113945"}],"wp:term":[{"taxonomy":"product_brand","embeddable":true,"href":"https:\/\/baldumarket.lt\/lt\/wp-json\/wp\/v2\/product_brand?post=113945"},{"taxonomy":"product_cat","embeddable":true,"href":"https:\/\/baldumarket.lt\/lt\/wp-json\/wp\/v2\/product_cat?post=113945"},{"taxonomy":"product_tag","embeddable":true,"href":"https:\/\/baldumarket.lt\/lt\/wp-json\/wp\/v2\/product_tag?post=113945"}],"curies":[{"name":"wp","href":"https:\/\/api.w.org\/{rel}","templated":true}]}}